{"id":1288,"date":"2013-10-11T05:27:23","date_gmt":"2013-10-11T05:27:23","guid":{"rendered":"https:\/\/billsteinberg.ca\/?page_id=1288"},"modified":"2021-10-13T06:35:54","modified_gmt":"2021-10-13T06:35:54","slug":"recommandations-du-maire-steinberg-pour-le-conseil-municipal-de-hampstead","status":"publish","type":"page","link":"https:\/\/billsteinberg.ca\/fr\/recommandations-du-maire-steinberg-pour-le-conseil-municipal-de-hampstead\/","title":{"rendered":"Les recommandations de Bill pour le conseil municipal de Hampstead"},"content":{"rendered":"\t\t<div data-elementor-type=\"wp-page\" data-elementor-id=\"1288\" class=\"elementor elementor-1288\" data-elementor-post-type=\"page\">\n\t\t\t\t\t\t<section class=\"elementor-section elementor-top-section elementor-element elementor-element-f0d842f elementor-section-boxed elementor-section-height-default elementor-section-height-default\" data-id=\"f0d842f\" data-element_type=\"section\" data-e-type=\"section\">\n\t\t\t\t\t\t<div class=\"elementor-container elementor-column-gap-default\">\n\t\t\t\t\t<div class=\"elementor-column elementor-col-100 elementor-top-column elementor-element elementor-element-7de4319\" data-id=\"7de4319\" data-element_type=\"column\" data-e-type=\"column\">\n\t\t\t<div class=\"elementor-widget-wrap elementor-element-populated\">\n\t\t\t\t\t\t<div class=\"elementor-element elementor-element-1ac4166 elementor-widget elementor-widget-text-editor\" data-id=\"1ac4166\" data-element_type=\"widget\" data-e-type=\"widget\" data-widget_type=\"text-editor.default\">\n\t\t\t\t\t\t\t\t\t<p>Pour s&rsquo;assurer que <a href=\"https:\/\/billsteinberg.ca\/fr\/priorites-pour-les-quatre-annees-a-venir\/\">Hampstead continue d&rsquo;avancer<\/a> dans <a href=\"https:\/\/billsteinberg.ca\/fr\/un-bilan-exceptionnel\/\">la direction que j&rsquo;ai prise au cours des seize derni\u00e8res ann\u00e9es<\/a>, nous avons besoin des meilleures personnes possibles au conseil. Il est crucial que des individus honn\u00eates, travailleurs et d\u00e9vou\u00e9s, avec des id\u00e9es nouvelles, soient \u00e9lus.<\/p>\n<p>Les candidats que je recommande sont ind\u00e9pendants et se pr\u00e9sentent sur leur propre plate-forme :<\/p>\n\t\t\t\t\t\t\t\t<\/div>\n\t\t\t\t<div class=\"elementor-element elementor-element-e239031 elementor-position-left elementor-vertical-align-top elementor-widget elementor-widget-image-box\" data-id=\"e239031\" data-element_type=\"widget\" data-e-type=\"widget\" data-widget_type=\"image-box.default\">\n\t\t\t\t\t<div class=\"elementor-image-box-wrapper\"><figure class=\"elementor-image-box-img\"><a href=\"https:\/\/jasonfarber.ca\/\" target=\"_blank\" tabindex=\"-1\" rel=\"noopener\"><img fetchpriority=\"high\" decoding=\"async\" width=\"443\" height=\"445\" src=\"https:\/\/billsteinberg.ca\/wp-content\/uploads\/2021\/09\/Jason-Farber-web.jpg\" class=\"attachment-full size-full wp-image-3175\" alt=\"Jason Farber - Candidat au conseil municipal de Hampstead\" srcset=\"https:\/\/billsteinberg.ca\/wp-content\/uploads\/2021\/09\/Jason-Farber-web.jpg 443w, https:\/\/billsteinberg.ca\/wp-content\/uploads\/2021\/09\/Jason-Farber-web-300x300.jpg 300w, https:\/\/billsteinberg.ca\/wp-content\/uploads\/2021\/09\/Jason-Farber-web-150x150.jpg 150w\" sizes=\"(max-width: 443px) 100vw, 443px\" \/><\/a><\/figure><div class=\"elementor-image-box-content\"><h2 class=\"elementor-image-box-title\"><a href=\"https:\/\/jasonfarber.ca\/\" target=\"_blank\" rel=\"noopener\">Jason Farber - Si\u00e8ge 4<\/a><\/h2><p class=\"elementor-image-box-description\">Il a v\u00e9cu toute sa vie \u00e0 Hampstead et est tr\u00e8s appr\u00e9ci\u00e9 par tous ceux qui le connaissent. Il est un PDG accompli dans le domaine de la fabrication et du d\u00e9veloppement industriel. C'est un p\u00e8re de trois enfants qui est passionn\u00e9, \u00e9nergique et d\u00e9termin\u00e9. Jason est un chef de campagne, un bienfaiteur et un partenaire du MTC's Family Store, un magasin pour les familles \u00e0 faibles revenus. Il a \u00e9galement contribu\u00e9 \u00e0 Chai Lifeline et au Camp Simcha. Les id\u00e9es fra\u00eeches et l'\u00e9nergie de Jason seront les bienvenues au sein du conseil municipal. <a href=\"https:\/\/jasonfarber.ca\/\" rel=\"nofollow noopener\" target=\"_blank\">Lire la suite...<\/a><\/p><\/div><\/div>\t\t\t\t<\/div>\n\t\t\t\t<div class=\"elementor-element elementor-element-13b1129 elementor-position-left elementor-vertical-align-top elementor-widget elementor-widget-image-box\" data-id=\"13b1129\" data-element_type=\"widget\" data-e-type=\"widget\" data-widget_type=\"image-box.default\">\n\t\t\t\t\t<div class=\"elementor-image-box-wrapper\"><figure class=\"elementor-image-box-img\"><a href=\"https:\/\/naomihampstead.ca\/\" target=\"_blank\" tabindex=\"-1\" rel=\"noopener\"><img decoding=\"async\" width=\"443\" height=\"445\" src=\"https:\/\/billsteinberg.ca\/wp-content\/uploads\/2021\/09\/Naomi-Huck-Anannou-web.jpg\" class=\"attachment-full size-full wp-image-3173\" alt=\"Naomi Huck-Ananou - Candidat au conseil municipal de Hampstead\" srcset=\"https:\/\/billsteinberg.ca\/wp-content\/uploads\/2021\/09\/Naomi-Huck-Anannou-web.jpg 443w, https:\/\/billsteinberg.ca\/wp-content\/uploads\/2021\/09\/Naomi-Huck-Anannou-web-300x300.jpg 300w, https:\/\/billsteinberg.ca\/wp-content\/uploads\/2021\/09\/Naomi-Huck-Anannou-web-150x150.jpg 150w\" sizes=\"(max-width: 443px) 100vw, 443px\" \/><\/a><\/figure><div class=\"elementor-image-box-content\"><h2 class=\"elementor-image-box-title\"><a href=\"https:\/\/naomihampstead.ca\/\" target=\"_blank\" rel=\"noopener\">Naomi Huck-Ananou - Si\u00e8ge 2<\/a><\/h2><p class=\"elementor-image-box-description\">Avocate respect\u00e9e, titulaire de deux masters, elle enseigne le droit et l'\u00e9thique \u00e0 HEC. Elle est experte en fiscalit\u00e9 et a travaill\u00e9 pour KPMG. Elle et son mari, Steve Benhamon, sont un jeune couple ayant des racines \u00e0 Hampstead. Naomi est co-pr\u00e9sidente de l'organisation philanthropique des jeunes de l'H\u00f4pital g\u00e9n\u00e9ral juif<\/i>, et a escalad\u00e9 le Mont Kilimanjaro afin de r\u00e9colter des fonds pour un orphelinat tanzanien avec lequel elle s'implique depuis plus de dix ans. L'exp\u00e9rience exceptionnelle de Naomi en droit et en fiscalit\u00e9 sera un atout consid\u00e9rable pour le conseil municipal. Lorsqu'elle est combin\u00e9e \u00e0 son enthousiasme exceptionnel et \u00e0 son \u00e9thique de travail, elle est une candidate id\u00e9ale. <a href=\"https:\/\/naomihampstead.ca\/\" rel=\"nofollow noopener\" target=\"_blank\">Lire la suite...<\/a><\/p><\/div><\/div>\t\t\t\t<\/div>\n\t\t\t\t<div class=\"elementor-element elementor-element-0f55c4e elementor-position-left elementor-vertical-align-top elementor-widget elementor-widget-image-box\" data-id=\"0f55c4e\" data-element_type=\"widget\" data-e-type=\"widget\" data-widget_type=\"image-box.default\">\n\t\t\t\t\t<div class=\"elementor-image-box-wrapper\"><figure class=\"elementor-image-box-img\"><a href=\"https:\/\/davinsufer.ca\/\" target=\"_blank\" tabindex=\"-1\" rel=\"noopener\"><img decoding=\"async\" width=\"443\" height=\"445\" src=\"https:\/\/billsteinberg.ca\/wp-content\/uploads\/2021\/09\/Davin-Sufer-web.jpg\" class=\"attachment-full size-full wp-image-3179\" alt=\"Davin Sufer - Candidat au conseil municipal de Hampstead\" srcset=\"https:\/\/billsteinberg.ca\/wp-content\/uploads\/2021\/09\/Davin-Sufer-web.jpg 443w, https:\/\/billsteinberg.ca\/wp-content\/uploads\/2021\/09\/Davin-Sufer-web-300x300.jpg 300w, https:\/\/billsteinberg.ca\/wp-content\/uploads\/2021\/09\/Davin-Sufer-web-150x150.jpg 150w\" sizes=\"(max-width: 443px) 100vw, 443px\" \/><\/a><\/figure><div class=\"elementor-image-box-content\"><h2 class=\"elementor-image-box-title\"><a href=\"https:\/\/davinsufer.ca\/\" target=\"_blank\" rel=\"noopener\">Davin Sufer - Si\u00e8ge 1<\/a><\/h2><p class=\"elementor-image-box-description\">Il a plus de 15 ans d'exp\u00e9rience en tant qu'ing\u00e9nieur et directeur de la technologie. Il a fait ses preuves en tant que leader solide capable de cr\u00e9er et de g\u00e9rer des \u00e9quipes internationales. Davin est un membre officiel du Conseil technologique de Forbes. Il est le p\u00e8re de trois jeunes filles \u00e2g\u00e9es de 4 \u00e0 12 ans et a v\u00e9cu \u00e0 Hampstead, \u00e0 la fois comme locataire et propri\u00e9taire, pendant la majeure partie de sa vie. Davin est brillant, plein de ressources et pragmatique. Gr\u00e2ce \u00e0 son approche calme, r\u00e9fl\u00e9chie et ax\u00e9e sur les donn\u00e9es, il sera en mesure d'aborder m\u00eame les questions les plus complexes. <a href=\"https:\/\/davinsufer.ca\/\" rel=\"nofollow noopener\" target=\"_blank\">Lire la suite...<\/a><\/p><\/div><\/div>\t\t\t\t<\/div>\n\t\t\t\t<div class=\"elementor-element elementor-element-963a8e7 elementor-position-left elementor-vertical-align-top elementor-widget elementor-widget-image-box\" data-id=\"963a8e7\" data-element_type=\"widget\" data-e-type=\"widget\" data-widget_type=\"image-box.default\">\n\t\t\t\t\t<div class=\"elementor-image-box-wrapper\"><figure class=\"elementor-image-box-img\"><a href=\"https:\/\/www.saferwithshaffer.com\/\" target=\"_blank\" tabindex=\"-1\" rel=\"noopener\"><img loading=\"lazy\" decoding=\"async\" width=\"443\" height=\"443\" src=\"https:\/\/billsteinberg.ca\/wp-content\/uploads\/2021\/10\/Councillor-Harvey-Shaffer.jpg\" class=\"attachment-full size-full wp-image-3311\" alt=\"Conseiller Harvey Shaffer\" srcset=\"https:\/\/billsteinberg.ca\/wp-content\/uploads\/2021\/10\/Councillor-Harvey-Shaffer.jpg 443w, https:\/\/billsteinberg.ca\/wp-content\/uploads\/2021\/10\/Councillor-Harvey-Shaffer-300x300.jpg 300w, https:\/\/billsteinberg.ca\/wp-content\/uploads\/2021\/10\/Councillor-Harvey-Shaffer-150x150.jpg 150w\" sizes=\"(max-width: 443px) 100vw, 443px\" \/><\/a><\/figure><div class=\"elementor-image-box-content\"><h2 class=\"elementor-image-box-title\"><a href=\"https:\/\/www.saferwithshaffer.com\/\" target=\"_blank\" rel=\"noopener\">Harvey Shaffer - Si\u00e8ge 6<\/a><\/h2><p class=\"elementor-image-box-description\">\u00ab Safer with Shaffer \u00bb n'est pas seulement un slogan. Harvey est tr\u00e8s impliqu\u00e9 avec tous nos agents de s\u00e9curit\u00e9 publique et ils sont extr\u00eamement motiv\u00e9s gr\u00e2ce \u00e0 son soutien constant. Nous avons de loin la meilleure s\u00e9curit\u00e9 publique de l'\u00eele et notre taux de criminalit\u00e9 minimal en est la preuve.Dans son r\u00f4le de conseiller juridique, il a pass\u00e9 nos contrats au peigne fin, rep\u00e9rant souvent des erreurs. Il a \u00e9galement permis \u00e0 la ville d'\u00e9conomiser plus de 100 000 $ en s'impliquant dans les r\u00e8glements de sinistres.La circulation et la s\u00e9curit\u00e9 routi\u00e8re est un autre domaine o\u00f9 il a grandement am\u00e9lior\u00e9 la s\u00e9curit\u00e9 et la mod\u00e9ration de la circulation.Harvey est l'un de mes conseillers les plus travailleurs et les plus diligents.  <a href=\"https:\/\/www.saferwithshaffer.com\/\" rel=\"nofollow noopener\" target=\"_blank\">Lire la suite...<\/a><\/p><\/div><\/div>\t\t\t\t<\/div>\n\t\t\t\t<div class=\"elementor-element elementor-element-bf2620d elementor-widget elementor-widget-text-editor\" data-id=\"bf2620d\" data-element_type=\"widget\" data-e-type=\"widget\" data-widget_type=\"text-editor.default\">\n\t\t\t\t\t\t\t\t\t<p>Il a \u00e9t\u00e9 port\u00e9 \u00e0 mon attention que Julie Brummer distribue sa brochure avec une citation de moi. Cette citation ne repr\u00e9sente plus mes convictions. Je tiens \u00e0 pr\u00e9ciser que <strong>je soutiens le conseiller Harvey Shaffer pour le si\u00e8ge 6 et NON Julie Brummer.<\/strong><\/p>\n\t\t\t\t\t\t\t\t<\/div>\n\t\t\t\t<div class=\"elementor-element elementor-element-8e555e8 elementor-align-center elementor-mobile-align-justify elementor-widget elementor-widget-button\" data-id=\"8e555e8\" data-element_type=\"widget\" data-e-type=\"widget\" data-widget_type=\"button.default\">\n\t\t\t\t\t\t\t\t\t\t<a class=\"elementor-button elementor-button-link elementor-size-lg\" href=\"https:\/\/billsteinberg.ca\/uploaded-files\/recommendations-fr-print.html\" target=\"_blank\">\n\t\t\t\t\t\t<span class=\"elementor-button-content-wrapper\">\n\t\t\t\t\t\t<span class=\"elementor-button-icon\">\n\t\t\t\t<svg aria-hidden=\"true\" class=\"e-font-icon-svg e-fas-print\" viewBox=\"0 0 512 512\" xmlns=\"http:\/\/www.w3.org\/2000\/svg\"><path d=\"M448 192V77.25c0-8.49-3.37-16.62-9.37-22.63L393.37 9.37c-6-6-14.14-9.37-22.63-9.37H96C78.33 0 64 14.33 64 32v160c-35.35 0-64 28.65-64 64v112c0 8.84 7.16 16 16 16h48v96c0 17.67 14.33 32 32 32h320c17.67 0 32-14.33 32-32v-96h48c8.84 0 16-7.16 16-16V256c0-35.35-28.65-64-64-64zm-64 256H128v-96h256v96zm0-224H128V64h192v48c0 8.84 7.16 16 16 16h48v96zm48 72c-13.25 0-24-10.75-24-24 0-13.26 10.75-24 24-24s24 10.74 24 24c0 13.25-10.75 24-24 24z\"><\/path><\/svg>\t\t\t<\/span>\n\t\t\t\t\t\t\t\t\t<span class=\"elementor-button-text\">IMPRIMER LA CARTE DE RECOMMANDATIONS \u00c0 APPORTER AVEC VOUS DANS L'ISOLOIR<\/span>\n\t\t\t\t\t<\/span>\n\t\t\t\t\t<\/a>\n\t\t\t\t\t\t\t\t<\/div>\n\t\t\t\t\t<\/div>\n\t\t<\/div>\n\t\t\t\t\t<\/div>\n\t\t<\/section>\n\t\t\t\t<\/div>\n\t\t","protected":false},"excerpt":{"rendered":"<p>Pour s&rsquo;assurer que Hampstead continue d&rsquo;avancer dans la direction que j&rsquo;ai prise au cours des seize derni\u00e8res ann\u00e9es, nous avons besoin des meilleures personnes possibles au conseil. Il est crucial que des individus honn\u00eates, travailleurs et d\u00e9vou\u00e9s, avec des id\u00e9es nouvelles, soient \u00e9lus. Les candidats que je recommande sont ind\u00e9pendants et se pr\u00e9sentent sur leur&hellip;<\/p>\n","protected":false},"author":3,"featured_media":3490,"parent":0,"menu_order":0,"comment_status":"closed","ping_status":"closed","template":"","meta":{"footnotes":""},"class_list":["post-1288","page","type-page","status-publish","has-post-thumbnail","hentry"],"_links":{"self":[{"href":"https:\/\/billsteinberg.ca\/fr\/wp-json\/wp\/v2\/pages\/1288","targetHints":{"allow":["GET"]}}],"collection":[{"href":"https:\/\/billsteinberg.ca\/fr\/wp-json\/wp\/v2\/pages"}],"about":[{"href":"https:\/\/billsteinberg.ca\/fr\/wp-json\/wp\/v2\/types\/page"}],"author":[{"embeddable":true,"href":"https:\/\/billsteinberg.ca\/fr\/wp-json\/wp\/v2\/users\/3"}],"replies":[{"embeddable":true,"href":"https:\/\/billsteinberg.ca\/fr\/wp-json\/wp\/v2\/comments?post=1288"}],"version-history":[{"count":0,"href":"https:\/\/billsteinberg.ca\/fr\/wp-json\/wp\/v2\/pages\/1288\/revisions"}],"wp:featuredmedia":[{"embeddable":true,"href":"https:\/\/billsteinberg.ca\/fr\/wp-json\/wp\/v2\/media\/3490"}],"wp:attachment":[{"href":"https:\/\/billsteinberg.ca\/fr\/wp-json\/wp\/v2\/media?parent=1288"}],"curies":[{"name":"wp","href":"https:\/\/api.w.org\/{rel}","templated":true}]}}