{"id":243,"date":"2013-06-12T06:25:28","date_gmt":"2013-06-12T06:25:28","guid":{"rendered":"https:\/\/billsteinberg.ca\/?page_id=243"},"modified":"2021-10-04T02:56:42","modified_gmt":"2021-10-04T02:56:42","slug":"lembellissement-et-lenvironnement","status":"publish","type":"page","link":"https:\/\/billsteinberg.ca\/fr\/un-bilan-exceptionnel\/lembellissement-et-lenvironnement\/","title":{"rendered":"Embellissement"},"content":{"rendered":"\t\t<div data-elementor-type=\"wp-page\" data-elementor-id=\"243\" class=\"elementor elementor-243 elementor-182\" data-elementor-post-type=\"page\">\n\t\t\t\t\t\t<section class=\"elementor-section elementor-top-section elementor-element elementor-element-2c3ddc1 elementor-section-boxed elementor-section-height-default elementor-section-height-default\" data-id=\"2c3ddc1\" data-element_type=\"section\" data-e-type=\"section\">\n\t\t\t\t\t\t<div class=\"elementor-container elementor-column-gap-default\">\n\t\t\t\t\t<div class=\"elementor-column elementor-col-50 elementor-top-column elementor-element elementor-element-fd8e748\" data-id=\"fd8e748\" data-element_type=\"column\" data-e-type=\"column\">\n\t\t\t<div class=\"elementor-widget-wrap elementor-element-populated\">\n\t\t\t\t\t\t<div class=\"elementor-element elementor-element-3cf66cb elementor-widget elementor-widget-heading\" data-id=\"3cf66cb\" data-element_type=\"widget\" data-e-type=\"widget\" data-widget_type=\"heading.default\">\n\t\t\t\t\t<h2 class=\"elementor-heading-title elementor-size-default\">Laur\u00e9at du prix 5 Fleurons<\/h2>\t\t\t\t<\/div>\n\t\t\t\t<div class=\"elementor-element elementor-element-a2ce50e elementor-widget elementor-widget-text-editor\" data-id=\"a2ce50e\" data-element_type=\"widget\" data-e-type=\"widget\" data-widget_type=\"text-editor.default\">\n\t\t\t\t\t\t\t\t\t<\/p>\n<p><b>Hampstead est la seule ville de l&rsquo;\u00eele \u00e0 obtenir ce prix et l&rsquo;une des 11 de la province<\/b>.<\/p>\n<p><a href=\"https:\/\/www.fleuronsduquebec.com\/municipalites\/?s=400&amp;t=1#carte\" target=\"_blank\" rel=\"noopener\">fleuronsduquebec.com<\/a><\/p>\n<p>J&rsquo;aimerais souligner et remercier mon \u00e9pouse, <em><strong>Dr. Doris Steinberg<\/strong><\/em>, pour son d\u00e9vouement inlassable \u00e0 l&#8217;embellissement de la ville. Sans ses incalculables heures de b\u00e9n\u00e9volat, la ville n&rsquo;aurait jamais gagn\u00e9 le prix des 5 fleurons ou n&rsquo;aurait jamais \u00e9t\u00e9 aussi belle qu&rsquo;elle l&rsquo;est aujourd&rsquo;hui.<\/p>\n\t\t\t\t\t\t\t\t<\/div>\n\t\t\t\t\t<\/div>\n\t\t<\/div>\n\t\t\t\t<div class=\"elementor-column elementor-col-50 elementor-top-column elementor-element elementor-element-e810020\" data-id=\"e810020\" data-element_type=\"column\" data-e-type=\"column\" data-settings=\"{&quot;background_background&quot;:&quot;classic&quot;}\">\n\t\t\t<div class=\"elementor-widget-wrap elementor-element-populated\">\n\t\t\t\t\t\t<div class=\"elementor-element elementor-element-165d52d elementor-widget elementor-widget-image\" data-id=\"165d52d\" data-element_type=\"widget\" data-e-type=\"widget\" data-widget_type=\"image.default\">\n\t\t\t\t\t\t\t\t\t\t\t\t\t\t\t<img fetchpriority=\"high\" decoding=\"async\" width=\"900\" height=\"720\" src=\"https:\/\/billsteinberg.ca\/wp-content\/uploads\/2021\/04\/Bill-Steinberg-5-Fleurons-web.jpg\" class=\"attachment-large size-large wp-image-2708\" alt=\"Bill Steinberg tenant le prix pour 5 fleurons pour Hampstead\" srcset=\"https:\/\/billsteinberg.ca\/wp-content\/uploads\/2021\/04\/Bill-Steinberg-5-Fleurons-web.jpg 900w, https:\/\/billsteinberg.ca\/wp-content\/uploads\/2021\/04\/Bill-Steinberg-5-Fleurons-web-300x240.jpg 300w, https:\/\/billsteinberg.ca\/wp-content\/uploads\/2021\/04\/Bill-Steinberg-5-Fleurons-web-768x614.jpg 768w\" sizes=\"(max-width: 900px) 100vw, 900px\" \/>\t\t\t\t\t\t\t\t\t\t\t\t\t\t\t<\/div>\n\t\t\t\t\t<\/div>\n\t\t<\/div>\n\t\t\t\t\t<\/div>\n\t\t<\/section>\n\t\t\t\t<section class=\"elementor-section elementor-top-section elementor-element elementor-element-98c7719 elementor-section-boxed elementor-section-height-default elementor-section-height-default\" data-id=\"98c7719\" data-element_type=\"section\" data-e-type=\"section\">\n\t\t\t\t\t\t<div class=\"elementor-container elementor-column-gap-default\">\n\t\t\t\t\t<div class=\"elementor-column elementor-col-100 elementor-top-column elementor-element elementor-element-7d41963\" data-id=\"7d41963\" data-element_type=\"column\" data-e-type=\"column\">\n\t\t\t<div class=\"elementor-widget-wrap elementor-element-populated\">\n\t\t\t\t\t\t<div class=\"elementor-element elementor-element-8964159 elementor-widget elementor-widget-text-editor\" data-id=\"8964159\" data-element_type=\"widget\" data-e-type=\"widget\" data-widget_type=\"text-editor.default\">\n\t\t\t\t\t\t\t\t\t<p><strong>Queen Mary a \u00e9t\u00e9 embellie en augmentant les zones de plantation de 2 % de la m\u00e9diane \u00e0 plus de 22 %.\u00a0De plus, l&rsquo;utilisation de plantes vivaces permet \u00e0 la ville d&rsquo;\u00e9conomiser de l&rsquo;argent en r\u00e9duisant les replantations et les rachats.<\/strong><\/p>\n\t\t\t\t\t\t\t\t<\/div>\n\t\t\t\t<div class=\"elementor-element elementor-element-b603567 elementor-widget elementor-widget-image\" data-id=\"b603567\" data-element_type=\"widget\" data-e-type=\"widget\" data-widget_type=\"image.default\">\n\t\t\t\t\t\t\t\t\t\t\t\t\t\t\t<img decoding=\"async\" width=\"1024\" height=\"544\" src=\"https:\/\/billsteinberg.ca\/wp-content\/uploads\/2013\/06\/QM-median-1024x544.jpg\" class=\"attachment-large size-large wp-image-2635\" alt=\"\" srcset=\"https:\/\/billsteinberg.ca\/wp-content\/uploads\/2013\/06\/QM-median-1024x544.jpg 1024w, https:\/\/billsteinberg.ca\/wp-content\/uploads\/2013\/06\/QM-median-300x159.jpg 300w, https:\/\/billsteinberg.ca\/wp-content\/uploads\/2013\/06\/QM-median.jpg 1693w\" sizes=\"(max-width: 1024px) 100vw, 1024px\" \/>\t\t\t\t\t\t\t\t\t\t\t\t\t\t\t<\/div>\n\t\t\t\t<div class=\"elementor-element elementor-element-53adf93 elementor-widget elementor-widget-text-editor\" data-id=\"53adf93\" data-element_type=\"widget\" data-e-type=\"widget\" data-widget_type=\"text-editor.default\">\n\t\t\t\t\t\t\t\t\t<p><strong>Transform\u00e9 Fleet d&rsquo;un terre-plein de rien d&rsquo;autre que du b\u00e9ton \u00e0 des d\u00e9coupes avec des arbres, des vivaces et des fleurs annuelles.<\/strong><\/p>\n\t\t\t\t\t\t\t\t<\/div>\n\t\t\t\t<div class=\"elementor-element elementor-element-c2a655f elementor-widget elementor-widget-image\" data-id=\"c2a655f\" data-element_type=\"widget\" data-e-type=\"widget\" data-widget_type=\"image.default\">\n\t\t\t\t\t\t\t\t\t\t\t\t\t\t\t<img decoding=\"async\" width=\"1024\" height=\"576\" src=\"https:\/\/billsteinberg.ca\/wp-content\/uploads\/2013\/06\/Fleet-median-1024x576.jpg\" class=\"attachment-large size-large wp-image-2636\" alt=\"\" srcset=\"https:\/\/billsteinberg.ca\/wp-content\/uploads\/2013\/06\/Fleet-median-1024x576.jpg 1024w, https:\/\/billsteinberg.ca\/wp-content\/uploads\/2013\/06\/Fleet-median-300x168.jpg 300w, https:\/\/billsteinberg.ca\/wp-content\/uploads\/2013\/06\/Fleet-median.jpg 1598w\" sizes=\"(max-width: 1024px) 100vw, 1024px\" \/>\t\t\t\t\t\t\t\t\t\t\t\t\t\t\t<\/div>\n\t\t\t\t\t<\/div>\n\t\t<\/div>\n\t\t\t\t\t<\/div>\n\t\t<\/section>\n\t\t\t\t<section class=\"elementor-section elementor-top-section elementor-element elementor-element-01bd7d8 elementor-section-boxed elementor-section-height-default elementor-section-height-default\" data-id=\"01bd7d8\" data-element_type=\"section\" data-e-type=\"section\">\n\t\t\t\t\t\t<div class=\"elementor-container elementor-column-gap-default\">\n\t\t\t\t\t<div class=\"elementor-column elementor-col-100 elementor-top-column elementor-element elementor-element-145c074\" data-id=\"145c074\" data-element_type=\"column\" data-e-type=\"column\">\n\t\t\t<div class=\"elementor-widget-wrap elementor-element-populated\">\n\t\t\t\t\t\t<div class=\"elementor-element elementor-element-5310868 elementor-widget elementor-widget-text-editor\" data-id=\"5310868\" data-element_type=\"widget\" data-e-type=\"widget\" data-widget_type=\"text-editor.default\">\n\t\t\t\t\t\t\t\t\t<p>Totalement r\u00e9am\u00e9nag\u00e9 et embelli les parcs suivants avec des arbres, des plantes vivaces et de nouveaux am\u00e9nagements : <em><strong>Councillors (Gayton) Park<\/strong><\/em>, <em><strong>Applewood Park<\/strong><\/em>, et <em><strong>Aldred Park<\/strong><\/em>.<\/p>\n<p>Am\u00e9lior\u00e9 les parcs suivants avec de nouvelles plantations : <em><strong>Ellerdale Park<\/strong><\/em>, <em><strong>Wexford Park<\/strong><\/em>, et <em><strong>Hampstead Park<\/strong><\/em>.<\/p>\n<p>R\u00e9am\u00e9nagement et embellissement de tous les espaces verts suivants :<\/p>\n<ul>\n<li>Finchley Circle,<\/li>\n<li>Harland Place,<\/li>\n<li>Finchley Place,<\/li>\n<li>Holtham Place,<\/li>\n<li>Heath Place,<\/li>\n<li>Fallbrook Place,<\/li>\n<li>Humphrey Lane,<\/li>\n<li>Finchley et Northcote triangle,<\/li>\n<li>Dufferin entre Queen Mary et Ellerdale,<\/li>\n<li>Cressy et Glenmore triangle<\/li>\n<li>Town Hall<\/li>\n<\/ul>\n\t\t\t\t\t\t\t\t<\/div>\n\t\t\t\t\t<\/div>\n\t\t<\/div>\n\t\t\t\t\t<\/div>\n\t\t<\/section>\n\t\t\t\t<section class=\"elementor-section elementor-top-section elementor-element elementor-element-90bc21c elementor-section-full_width elementor-section-height-default elementor-section-height-default\" data-id=\"90bc21c\" data-element_type=\"section\" data-e-type=\"section\">\n\t\t\t\t\t\t<div class=\"elementor-container elementor-column-gap-default\">\n\t\t\t\t\t<div class=\"elementor-column elementor-col-50 elementor-top-column elementor-element elementor-element-731fc6a\" data-id=\"731fc6a\" data-element_type=\"column\" data-e-type=\"column\">\n\t\t\t<div class=\"elementor-widget-wrap elementor-element-populated\">\n\t\t\t\t\t\t<div class=\"elementor-element elementor-element-870ea21 elementor-widget elementor-widget-image\" data-id=\"870ea21\" data-element_type=\"widget\" data-e-type=\"widget\" data-widget_type=\"image.default\">\n\t\t\t\t\t\t\t\t\t\t\t\t<figure class=\"wp-caption\">\n\t\t\t\t\t\t\t\t\t\t\t<a href=\"https:\/\/billsteinberg.ca\/wp-content\/uploads\/2021\/04\/aldred-park-web.jpg\" data-elementor-open-lightbox=\"yes\" data-elementor-lightbox-title=\"Parc Aldred\" data-e-action-hash=\"#elementor-action%3Aaction%3Dlightbox%26settings%3DeyJpZCI6MjcxOCwidXJsIjoiaHR0cHM6XC9cL2JpbGxzdGVpbmJlcmcuY2FcL3dwLWNvbnRlbnRcL3VwbG9hZHNcLzIwMjFcLzA0XC9hbGRyZWQtcGFyay13ZWIuanBnIn0%3D\">\n\t\t\t\t\t\t\t<img decoding=\"async\" src=\"https:\/\/billsteinberg.ca\/wp-content\/uploads\/elementor\/thumbs\/aldred-park-web-q7aimfvsehcwrofi5osqj6s2frtrvqxjqn1ugvr18g.jpg\" title=\"Parc Aldred\" alt=\"Parc Aldred\" loading=\"lazy\" \/>\t\t\t\t\t\t\t\t<\/a>\n\t\t\t\t\t\t\t\t\t\t\t<figcaption class=\"widget-image-caption wp-caption-text\">Parc Aldred<\/figcaption>\n\t\t\t\t\t\t\t\t\t\t<\/figure>\n\t\t\t\t\t\t\t\t\t<\/div>\n\t\t\t\t\t<\/div>\n\t\t<\/div>\n\t\t\t\t<div class=\"elementor-column elementor-col-50 elementor-top-column elementor-element elementor-element-b3a08aa\" data-id=\"b3a08aa\" data-element_type=\"column\" data-e-type=\"column\">\n\t\t\t<div class=\"elementor-widget-wrap elementor-element-populated\">\n\t\t\t\t\t\t<div class=\"elementor-element elementor-element-52015da elementor-widget elementor-widget-image\" data-id=\"52015da\" data-element_type=\"widget\" data-e-type=\"widget\" data-widget_type=\"image.default\">\n\t\t\t\t\t\t\t\t\t\t\t\t<figure class=\"wp-caption\">\n\t\t\t\t\t\t\t\t\t\t\t<a href=\"https:\/\/billsteinberg.ca\/wp-content\/uploads\/2021\/04\/Ellerdale-Park-1.jpg\" data-elementor-open-lightbox=\"yes\" data-elementor-lightbox-title=\"Ellerdale Park, Hampstead\" data-e-action-hash=\"#elementor-action%3Aaction%3Dlightbox%26settings%3DeyJpZCI6MjcxOSwidXJsIjoiaHR0cHM6XC9cL2JpbGxzdGVpbmJlcmcuY2FcL3dwLWNvbnRlbnRcL3VwbG9hZHNcLzIwMjFcLzA0XC9FbGxlcmRhbGUtUGFyay0xLmpwZyJ9\">\n\t\t\t\t\t\t\t<img decoding=\"async\" src=\"https:\/\/billsteinberg.ca\/wp-content\/uploads\/elementor\/thumbs\/Ellerdale-Park-1-qmm0qqhak9w1usnk4kkhzy1uh0gkz246i8m8nbbw1s.jpg\" title=\"Ellerdale Park, Hampstead\" alt=\"Ellerdale Park, Hampstead\" loading=\"lazy\" \/>\t\t\t\t\t\t\t\t<\/a>\n\t\t\t\t\t\t\t\t\t\t\t<figcaption class=\"widget-image-caption wp-caption-text\">Ellerdale Park<\/figcaption>\n\t\t\t\t\t\t\t\t\t\t<\/figure>\n\t\t\t\t\t\t\t\t\t<\/div>\n\t\t\t\t\t<\/div>\n\t\t<\/div>\n\t\t\t\t\t<\/div>\n\t\t<\/section>\n\t\t\t\t<section class=\"elementor-section elementor-top-section elementor-element elementor-element-7434d2b elementor-section-boxed elementor-section-height-default elementor-section-height-default\" data-id=\"7434d2b\" data-element_type=\"section\" data-e-type=\"section\">\n\t\t\t\t\t\t<div class=\"elementor-container elementor-column-gap-default\">\n\t\t\t\t\t<div class=\"elementor-column elementor-col-50 elementor-top-column elementor-element elementor-element-cdb42ba\" data-id=\"cdb42ba\" data-element_type=\"column\" data-e-type=\"column\">\n\t\t\t<div class=\"elementor-widget-wrap elementor-element-populated\">\n\t\t\t\t\t\t<div class=\"elementor-element elementor-element-a5f3b03 elementor-widget__width-auto elementor-widget elementor-widget-text-editor\" data-id=\"a5f3b03\" data-element_type=\"widget\" data-e-type=\"widget\" data-widget_type=\"text-editor.default\">\n\t\t\t\t\t\t\t\t\t<p><b>Arr\u00eat\u00e9 le don de la sculpture Harry Rosen dans le parc Ellerdale<\/b><\/p>\n\t\t\t\t\t\t\t\t<\/div>\n\t\t\t\t<div class=\"elementor-element elementor-element-ceca73e elementor-widget elementor-widget-image\" data-id=\"ceca73e\" data-element_type=\"widget\" data-e-type=\"widget\" data-widget_type=\"image.default\">\n\t\t\t\t\t\t\t\t\t\t\t\t\t\t\t<img loading=\"lazy\" decoding=\"async\" width=\"800\" height=\"473\" src=\"https:\/\/billsteinberg.ca\/wp-content\/uploads\/2021\/05\/statue-park-Ellerdale_web.jpg\" class=\"attachment-large size-large wp-image-2737\" alt=\"\" srcset=\"https:\/\/billsteinberg.ca\/wp-content\/uploads\/2021\/05\/statue-park-Ellerdale_web.jpg 800w, https:\/\/billsteinberg.ca\/wp-content\/uploads\/2021\/05\/statue-park-Ellerdale_web-300x177.jpg 300w, https:\/\/billsteinberg.ca\/wp-content\/uploads\/2021\/05\/statue-park-Ellerdale_web-768x454.jpg 768w\" sizes=\"(max-width: 800px) 100vw, 800px\" \/>\t\t\t\t\t\t\t\t\t\t\t\t\t\t\t<\/div>\n\t\t\t\t\t<\/div>\n\t\t<\/div>\n\t\t\t\t<div class=\"elementor-column elementor-col-50 elementor-top-column elementor-element elementor-element-c9ae68e\" data-id=\"c9ae68e\" data-element_type=\"column\" data-e-type=\"column\">\n\t\t\t<div class=\"elementor-widget-wrap elementor-element-populated\">\n\t\t\t\t\t\t<div class=\"elementor-element elementor-element-81fbc72 elementor-widget elementor-widget-image\" data-id=\"81fbc72\" data-element_type=\"widget\" data-e-type=\"widget\" data-widget_type=\"image.default\">\n\t\t\t\t\t\t\t\t\t\t\t\t\t\t\t<img loading=\"lazy\" decoding=\"async\" width=\"800\" height=\"731\" src=\"https:\/\/billsteinberg.ca\/wp-content\/uploads\/2021\/05\/Harry-Rosen-Statue.jpg\" class=\"attachment-large size-large wp-image-2736\" alt=\"Statue sculpt\u00e9e par Harry Rosen\" srcset=\"https:\/\/billsteinberg.ca\/wp-content\/uploads\/2021\/05\/Harry-Rosen-Statue.jpg 800w, https:\/\/billsteinberg.ca\/wp-content\/uploads\/2021\/05\/Harry-Rosen-Statue-300x274.jpg 300w, https:\/\/billsteinberg.ca\/wp-content\/uploads\/2021\/05\/Harry-Rosen-Statue-768x702.jpg 768w\" sizes=\"(max-width: 800px) 100vw, 800px\" \/>\t\t\t\t\t\t\t\t\t\t\t\t\t\t\t<\/div>\n\t\t\t\t\t<\/div>\n\t\t<\/div>\n\t\t\t\t\t<\/div>\n\t\t<\/section>\n\t\t\t\t<section class=\"elementor-section elementor-top-section elementor-element elementor-element-b18639c elementor-section-boxed elementor-section-height-default elementor-section-height-default\" data-id=\"b18639c\" data-element_type=\"section\" data-e-type=\"section\">\n\t\t\t\t\t\t<div class=\"elementor-container elementor-column-gap-default\">\n\t\t\t\t\t<div class=\"elementor-column elementor-col-50 elementor-top-column elementor-element elementor-element-c1c27ec\" data-id=\"c1c27ec\" data-element_type=\"column\" data-e-type=\"column\">\n\t\t\t<div class=\"elementor-widget-wrap elementor-element-populated\">\n\t\t\t\t\t\t<div class=\"elementor-element elementor-element-bd4536c elementor-widget elementor-widget-text-editor\" data-id=\"bd4536c\" data-element_type=\"widget\" data-e-type=\"widget\" data-widget_type=\"text-editor.default\">\n\t\t\t\t\t\t\t\t\t<p><strong>Cr\u00e9ation de Centennial Lane, la plus belle all\u00e9e de Hampstead.<\/strong><\/p>\n\t\t\t\t\t\t\t\t<\/div>\n\t\t\t\t<div class=\"elementor-element elementor-element-395a579 elementor-widget elementor-widget-image\" data-id=\"395a579\" data-element_type=\"widget\" data-e-type=\"widget\" data-widget_type=\"image.default\">\n\t\t\t\t\t\t\t\t\t\t\t\t\t\t\t<img loading=\"lazy\" decoding=\"async\" width=\"683\" height=\"1024\" src=\"https:\/\/billsteinberg.ca\/wp-content\/uploads\/2021\/05\/Hampstead-Centennial-683x1024.jpg\" class=\"attachment-large size-large wp-image-2739\" alt=\"All\u00e9e centenaire de Hampstead\" srcset=\"https:\/\/billsteinberg.ca\/wp-content\/uploads\/2021\/05\/Hampstead-Centennial-683x1024.jpg 683w, https:\/\/billsteinberg.ca\/wp-content\/uploads\/2021\/05\/Hampstead-Centennial-200x300.jpg 200w, https:\/\/billsteinberg.ca\/wp-content\/uploads\/2021\/05\/Hampstead-Centennial-768x1152.jpg 768w, https:\/\/billsteinberg.ca\/wp-content\/uploads\/2021\/05\/Hampstead-Centennial.jpg 800w\" sizes=\"(max-width: 683px) 100vw, 683px\" \/>\t\t\t\t\t\t\t\t\t\t\t\t\t\t\t<\/div>\n\t\t\t\t\t<\/div>\n\t\t<\/div>\n\t\t\t\t<div class=\"elementor-column elementor-col-50 elementor-top-column elementor-element elementor-element-1b768ad\" data-id=\"1b768ad\" data-element_type=\"column\" data-e-type=\"column\">\n\t\t\t<div class=\"elementor-widget-wrap elementor-element-populated\">\n\t\t\t\t\t\t<div class=\"elementor-element elementor-element-4e475c5 elementor-widget elementor-widget-text-editor\" data-id=\"4e475c5\" data-element_type=\"widget\" data-e-type=\"widget\" data-widget_type=\"text-editor.default\">\n\t\t\t\t\t\t\t\t\t<p><strong>Introduit les bancs artistiques sponsoris\u00e9s.<\/strong><\/p>\n\t\t\t\t\t\t\t\t<\/div>\n\t\t\t\t<div class=\"elementor-element elementor-element-dc5f175 elementor-widget elementor-widget-image\" data-id=\"dc5f175\" data-element_type=\"widget\" data-e-type=\"widget\" data-widget_type=\"image.default\">\n\t\t\t\t\t\t\t\t\t\t\t\t\t\t\t<img loading=\"lazy\" decoding=\"async\" width=\"800\" height=\"844\" src=\"https:\/\/billsteinberg.ca\/wp-content\/uploads\/2021\/05\/Hampstead-Benches.jpg\" class=\"attachment-large size-large wp-image-2738\" alt=\"Banc artistique Hampstead\" srcset=\"https:\/\/billsteinberg.ca\/wp-content\/uploads\/2021\/05\/Hampstead-Benches.jpg 800w, https:\/\/billsteinberg.ca\/wp-content\/uploads\/2021\/05\/Hampstead-Benches-284x300.jpg 284w, https:\/\/billsteinberg.ca\/wp-content\/uploads\/2021\/05\/Hampstead-Benches-768x810.jpg 768w\" sizes=\"(max-width: 800px) 100vw, 800px\" \/>\t\t\t\t\t\t\t\t\t\t\t\t\t\t\t<\/div>\n\t\t\t\t<div class=\"elementor-element elementor-element-7564001 elementor-widget elementor-widget-text-editor\" data-id=\"7564001\" data-element_type=\"widget\" data-e-type=\"widget\" data-widget_type=\"text-editor.default\">\n\t\t\t\t\t\t\t\t\t<p>Installation du stand de banni\u00e8res g\u00e9antes \u00e0 Queen Mary et Fleet et am\u00e9lioration consid\u00e9rable de l&rsquo;enseigne florale de Hampstead qui se trouve en dessous.<\/p>\n\t\t\t\t\t\t\t\t<\/div>\n\t\t\t\t\t<\/div>\n\t\t<\/div>\n\t\t\t\t\t<\/div>\n\t\t<\/section>\n\t\t\t\t<section class=\"elementor-section elementor-top-section elementor-element elementor-element-d00caf0 elementor-section-stretched elementor-section-boxed elementor-section-height-default elementor-section-height-default\" data-id=\"d00caf0\" data-element_type=\"section\" data-e-type=\"section\" data-settings=\"{&quot;stretch_section&quot;:&quot;section-stretched&quot;,&quot;background_background&quot;:&quot;classic&quot;,&quot;shape_divider_bottom&quot;:&quot;mountains&quot;}\">\n\t\t\t\t\t<div class=\"elementor-shape elementor-shape-bottom\" aria-hidden=\"true\" data-negative=\"false\">\n\t\t\t<svg xmlns=\"http:\/\/www.w3.org\/2000\/svg\" viewBox=\"0 0 1000 100\" preserveAspectRatio=\"none\">\n\t<path class=\"elementor-shape-fill\" opacity=\"0.33\" d=\"M473,67.3c-203.9,88.3-263.1-34-320.3,0C66,119.1,0,59.7,0,59.7V0h1000v59.7 c0,0-62.1,26.1-94.9,29.3c-32.8,3.3-62.8-12.3-75.8-22.1C806,49.6,745.3,8.7,694.9,4.7S492.4,59,473,67.3z\"\/>\n\t<path class=\"elementor-shape-fill\" opacity=\"0.66\" d=\"M734,67.3c-45.5,0-77.2-23.2-129.1-39.1c-28.6-8.7-150.3-10.1-254,39.1 s-91.7-34.4-149.2,0C115.7,118.3,0,39.8,0,39.8V0h1000v36.5c0,0-28.2-18.5-92.1-18.5C810.2,18.1,775.7,67.3,734,67.3z\"\/>\n\t<path class=\"elementor-shape-fill\" d=\"M766.1,28.9c-200-57.5-266,65.5-395.1,19.5C242,1.8,242,5.4,184.8,20.6C128,35.8,132.3,44.9,89.9,52.5C28.6,63.7,0,0,0,0 h1000c0,0-9.9,40.9-83.6,48.1S829.6,47,766.1,28.9z\"\/>\n<\/svg>\t\t<\/div>\n\t\t\t\t\t<div class=\"elementor-container elementor-column-gap-default\">\n\t\t\t\t\t<div class=\"elementor-column elementor-col-100 elementor-top-column elementor-element elementor-element-f710ca4\" data-id=\"f710ca4\" data-element_type=\"column\" data-e-type=\"column\">\n\t\t\t<div class=\"elementor-widget-wrap elementor-element-populated\">\n\t\t\t\t\t\t<div class=\"elementor-element elementor-element-5fced6f elementor-widget elementor-widget-heading\" data-id=\"5fced6f\" data-element_type=\"widget\" data-e-type=\"widget\" data-widget_type=\"heading.default\">\n\t\t\t\t\t<h2 class=\"elementor-heading-title elementor-size-default\">Comment nous avons permis l'embellissement<\/h2>\t\t\t\t<\/div>\n\t\t\t\t<div class=\"elementor-element elementor-element-a459741 elementor-widget elementor-widget-text-editor\" data-id=\"a459741\" data-element_type=\"widget\" data-e-type=\"widget\" data-widget_type=\"text-editor.default\">\n\t\t\t\t\t\t\t\t\t<p>La part du lion du financement de tout ce qui pr\u00e9c\u00e8de provient de notre taxe sur les parcs qui est pay\u00e9e par ceux qui d\u00e9molissent des maisons. Le maire Steinberg a introduit cette nouvelle taxe qui est courante dans de nombreuses villes mais qui n&rsquo;existait pas \u00e0 Hampstead.<\/p>\n<p>Une grande partie des efforts d&#8217;embellissement permet d&rsquo;\u00e9conomiser de l&rsquo;argent \u00e0 long terme :<\/p>\n<ul>\n<li>Nous avons remplac\u00e9 de nombreuses plantes annuelles par des plantes vivaces et le budget pour les plantes annuelles a \u00e9t\u00e9 r\u00e9duit de plus de la moiti\u00e9. <\/li>\n<li>Nous avons ajout\u00e9 des syst\u00e8mes d&rsquo;irrigation dans plusieurs parcs r\u00e9duisant ainsi la main d&rsquo;\u0153uvre pour l&rsquo;arrosage.<\/li>\n<li>Nous avons introduit plus de 50 paniers suspendus extra larges qui stockent l&rsquo;eau et n\u00e9cessitent moins d&rsquo;arrosage.<\/li>\n<\/ul>\n<p>.<\/p>\n\t\t\t\t\t\t\t\t<\/div>\n\t\t\t\t\t<\/div>\n\t\t<\/div>\n\t\t\t\t\t<\/div>\n\t\t<\/section>\n\t\t\t\t<section class=\"elementor-section elementor-top-section elementor-element elementor-element-7069b21 elementor-section-full_width elementor-section-stretched elementor-section-height-default elementor-section-height-default elementor-invisible\" data-id=\"7069b21\" data-element_type=\"section\" data-e-type=\"section\" data-settings=\"{&quot;stretch_section&quot;:&quot;section-stretched&quot;,&quot;animation&quot;:&quot;rollIn&quot;}\">\n\t\t\t\t\t\t<div class=\"elementor-container elementor-column-gap-no\">\n\t\t\t\t\t<div class=\"elementor-column elementor-col-100 elementor-top-column elementor-element elementor-element-0c89baa\" data-id=\"0c89baa\" data-element_type=\"column\" data-e-type=\"column\">\n\t\t\t<div class=\"elementor-widget-wrap elementor-element-populated\">\n\t\t\t\t\t\t<div class=\"elementor-element elementor-element-c44cf37 elementor-cta--skin-cover elementor-cta--valign-bottom elementor-animated-content elementor-bg-transform elementor-bg-transform-zoom-in elementor-widget elementor-widget-call-to-action\" data-id=\"c44cf37\" data-element_type=\"widget\" data-e-type=\"widget\" data-widget_type=\"call-to-action.default\">\n\t\t\t\t\t\t\t<div class=\"elementor-cta\">\n\t\t\t\t\t<div class=\"elementor-cta__bg-wrapper\">\n\t\t\t\t<div class=\"elementor-cta__bg elementor-bg\" style=\"background-image: url(https:\/\/billsteinberg.ca\/wp-content\/uploads\/2021\/10\/image00057.jpeg);\" role=\"img\" aria-label=\"Arbres verts, fleurs et environnement\"><\/div>\n\t\t\t\t<div class=\"elementor-cta__bg-overlay\"><\/div>\n\t\t\t<\/div>\n\t\t\t\t\t\t\t<div class=\"elementor-cta__content\">\n\t\t\t\t\n\t\t\t\t\t\t\t\t\t<h2 class=\"elementor-cta__title elementor-cta__content-item elementor-content-item elementor-animated-item--grow\">\n\t\t\t\t\t\tUn Hampstead plus vert et plus propre\t\t\t\t\t<\/h2>\n\t\t\t\t\n\t\t\t\t\t\t\t\t\t<div class=\"elementor-cta__description elementor-cta__content-item elementor-content-item elementor-animated-item--grow\">\n\t\t\t\t\t\t<p>Lisez ce que nous avons fait pour l'environnement<\/p>\n\t\t\t\t\t<\/div>\n\t\t\t\t\n\t\t\t\t\t\t\t\t\t<div class=\"elementor-cta__button-wrapper elementor-cta__content-item elementor-content-item elementor-animated-item--grow\">\n\t\t\t\t\t<a class=\"elementor-cta__button elementor-button elementor-size-\" href=\"https:\/\/billsteinberg.ca\/fr\/un-bilan-exceptionnel\/environnement\/\">\n\t\t\t\t\t\tPAGE ENVIRONNEMENT\t\t\t\t\t<\/a>\n\t\t\t\t\t<\/div>\n\t\t\t\t\t\t\t<\/div>\n\t\t\t\t\t\t<\/div>\n\t\t\t\t\t\t<\/div>\n\t\t\t\t\t<\/div>\n\t\t<\/div>\n\t\t\t\t\t<\/div>\n\t\t<\/section>\n\t\t\t\t<\/div>\n\t\t","protected":false},"excerpt":{"rendered":"<p>Laur\u00e9at du prix 5 Fleurons Hampstead est la seule ville de l&rsquo;\u00eele \u00e0 obtenir ce prix et l&rsquo;une des 11 de la province. fleuronsduquebec.com J&rsquo;aimerais souligner et remercier mon \u00e9pouse, Dr. Doris Steinberg, pour son d\u00e9vouement inlassable \u00e0 l&#8217;embellissement de la ville. Sans ses incalculables heures de b\u00e9n\u00e9volat, la ville n&rsquo;aurait jamais gagn\u00e9 le prix&hellip;<\/p>\n","protected":false},"author":2,"featured_media":596,"parent":242,"menu_order":0,"comment_status":"closed","ping_status":"closed","template":"","meta":{"footnotes":""},"class_list":["post-243","page","type-page","status-publish","has-post-thumbnail","hentry"],"_links":{"self":[{"href":"https:\/\/billsteinberg.ca\/fr\/wp-json\/wp\/v2\/pages\/243","targetHints":{"allow":["GET"]}}],"collection":[{"href":"https:\/\/billsteinberg.ca\/fr\/wp-json\/wp\/v2\/pages"}],"about":[{"href":"https:\/\/billsteinberg.ca\/fr\/wp-json\/wp\/v2\/types\/page"}],"author":[{"embeddable":true,"href":"https:\/\/billsteinberg.ca\/fr\/wp-json\/wp\/v2\/users\/2"}],"replies":[{"embeddable":true,"href":"https:\/\/billsteinberg.ca\/fr\/wp-json\/wp\/v2\/comments?post=243"}],"version-history":[{"count":0,"href":"https:\/\/billsteinberg.ca\/fr\/wp-json\/wp\/v2\/pages\/243\/revisions"}],"up":[{"embeddable":true,"href":"https:\/\/billsteinberg.ca\/fr\/wp-json\/wp\/v2\/pages\/242"}],"wp:featuredmedia":[{"embeddable":true,"href":"https:\/\/billsteinberg.ca\/fr\/wp-json\/wp\/v2\/media\/596"}],"wp:attachment":[{"href":"https:\/\/billsteinberg.ca\/fr\/wp-json\/wp\/v2\/media?parent=243"}],"curies":[{"name":"wp","href":"https:\/\/api.w.org\/{rel}","templated":true}]}}