{"id":2768,"date":"2021-05-22T00:02:05","date_gmt":"2021-05-22T00:02:05","guid":{"rendered":"https:\/\/billsteinberg.ca\/ressources-pour-hampstead-2021\/"},"modified":"2021-05-27T19:47:37","modified_gmt":"2021-05-27T19:47:37","slug":"ressources-pour-hampstead-2021","status":"publish","type":"page","link":"https:\/\/billsteinberg.ca\/fr\/ressources-pour-hampstead-2021\/","title":{"rendered":"Ressources pour Hampstead 2021"},"content":{"rendered":"<h1 style=\"text-align: center;\">Hampstead, Qu\u00e9bec<\/h1>\n<h4 style=\"text-align: center;\"><a href=\"#Mayor\">Maire<\/a>\u00a0| <a href=\"#Schools\">\u00c9coles<\/a> | <a href=\"#Neighbours\">Villes<\/a> | <a href=\"#Gov\">Gouvernement<\/a> | <a href=\"#News\">Nouvelles<\/a> | <a href=\"#Other\">Transit<\/a><\/h4>\n<h2 style=\"text-align: center;\">Num\u00e9ros de t\u00e9l\u00e9phone et adresses<\/h2>\n<h4 style=\"text-align: center;\"><a href=\"#Emergency\">Urgence<\/a> | <a href=\"#HampsteadPhone\">Hampstead<\/a><\/h4>\n<h2><a id=\"Community\" name=\"Community\"><\/a>\u00c0 Hampstead<\/h2>\n<ul>\n<li><a href=\"https:\/\/www.hampstead.qc.ca\/\" target=\"_blank\" rel=\"noopener\">The Town of <strong>Hampstead<\/strong><\/a><\/li>\n<li><a href=\"https:\/\/www.theweathernetwork.com\/weather\/caqc0198\" target=\"_blank\" rel=\"noopener\"><strong>Hampstead<\/strong>, QC M\u00e9t\u00e9o locale<\/a><\/li>\n<\/ul>\n<h4>Institutions religieuses<\/h4>\n<ul>\n<li><a href=\"https:\/\/www.adath.ca\/\" target=\"_blank\" rel=\"noopener\">Adath Israel Synagogue<\/a><\/li>\n<li><a href=\"https:\/\/www.montreal-cac.org\/\" target=\"_blank\" rel=\"noopener\">Montreal Chinese Alliance Church<\/a><\/li>\n<li><a href=\"https:\/\/www.themtc.com\/\" target=\"_blank\" rel=\"noopener\">Montreal Torah Center<\/a><\/li>\n<li><a href=\"https:\/\/www.dorsheiemet.com\/\" target=\"_blank\" rel=\"noopener\">The Reconstructionist Synagogue (Congregation Dorshei Emet)<\/a><\/li>\n<li><a href=\"https:\/\/firstbaptist.ca\/\" target=\"_blank\" rel=\"noopener\">First Baptist Church<\/a><\/li>\n<\/ul>\n<h2><a id=\"Schools\" name=\"Schools\"><\/a><br \/>\n\u00c9coles<\/h2>\n<ul>\n<li><a href=\"https:\/\/www.emsb.qc.ca\/hampstead\/\" target=\"_blank\" rel=\"noopener\"><strong>Hampstead<\/strong> Elementary School<\/a> (<a href=\"https:\/\/maps.google.ca\/maps?q=hampstead+qc&amp;oe=utf-8&amp;rls=org.mozilla:en-GB:official&amp;client=firefox-a&amp;um=1&amp;ie=UTF-8&amp;ei=Aqa4TJTLEIelnQfe9KmqDQ&amp;sa=X&amp;oi=mode_link&amp;ct=mode&amp;ved=0CAwQ_AU#\" target=\"_blank\" rel=\"noopener\">Map<\/a>)<\/li>\n<li><a href=\"https:\/\/www.jppsbialik.ca\/\" target=\"_blank\" rel=\"noopener\">Bialik High School<\/a> (<a href=\"https:\/\/maps.google.ca\/maps?q=hampstead+qc&amp;oe=utf-8&amp;rls=org.mozilla:en-GB:official&amp;client=firefox-a&amp;um=1&amp;ie=UTF-8&amp;ei=Aqa4TJTLEIelnQfe9KmqDQ&amp;sa=X&amp;oi=mode_link&amp;ct=mode&amp;ved=0CAwQ_AU#\" target=\"_blank\" rel=\"noopener\">Map<\/a>)<\/li>\n<li><a href=\"https:\/\/www.emsb.qc.ca\" target=\"_blank\" rel=\"noopener\">English Montreal School Board<\/a> (<a href=\"https:\/\/maps.google.ca\/maps?q=hampstead+qc&amp;oe=utf-8&amp;rls=org.mozilla:en-GB:official&amp;client=firefox-a&amp;um=1&amp;ie=UTF-8&amp;ei=Aqa4TJTLEIelnQfe9KmqDQ&amp;sa=X&amp;oi=mode_link&amp;ct=mode&amp;ved=0CAwQ_AU#\" target=\"_blank\" rel=\"noopener\">Map<\/a>)<\/li>\n<li><a href=\"https:\/\/www.ha-mtl.org\/\" target=\"_blank\" rel=\"noopener\">Hebrew Academy<\/a> (<a href=\"https:\/\/maps.google.ca\/maps?q=hampstead+qc&amp;oe=utf-8&amp;rls=org.mozilla:en-GB:official&amp;client=firefox-a&amp;um=1&amp;ie=UTF-8&amp;ei=Aqa4TJTLEIelnQfe9KmqDQ&amp;sa=X&amp;oi=mode_link&amp;ct=mode&amp;ved=0CAwQ_AU#\" target=\"_blank\" rel=\"noopener\">Map<\/a>)<\/li>\n<li><a href=\"https:\/\/www.jppsbialik.ca\/en\/jpps\" target=\"_blank\" rel=\"noopener\">JPPS Elementary School<\/a> (<a href=\"https:\/\/maps.google.ca\/maps?cd=1&amp;ei=-664TNC7GpKQNfqdgcUG&amp;vps=6&amp;jsv=285c&amp;sll=45.480765,-73.648135&amp;sspn=0.015648,0.032015&amp;ie=UTF8&amp;hl=en&amp;view=map&amp;cid=2797342217689898726&amp;q=Jewish+People%27s+School+%26+Peretz+Schools&amp;iwloc=A&amp;ved=0CGwQpQY&amp;sa=X\" target=\"_blank\" rel=\"noopener\">Map<\/a>)<\/li>\n<li><a href=\"https:\/\/ssamontreal.org\/\" target=\"_blank\" rel=\"noopener\">Acad\u00e9mie Solomon Schechter Academy<\/a> (<a href=\"https:\/\/maps.google.com\/maps?f=q&amp;hl=en&amp;geocode=&amp;q=5555+chemin+de+la+C%C3%B4te+St-Luc,+montreal&amp;sll=37.0625,-95.677068&amp;sspn=52.947994,68.115234&amp;ie=UTF8&amp;s=AARTsJq2vVjWmZx5vRFkD-sjs7kaSFHY7A&amp;view=map\" target=\"_blank\" rel=\"noopener\">Map<\/a>)<\/li>\n<\/ul>\n<h2><a id=\"Neighbours\" name=\"Neighbours\"><\/a><br \/>\nVilles voisines<\/h2>\n<ul>\n<li><a href=\"https:\/\/cotesaintluc.org\/\" target=\"_blank\" rel=\"noopener\">C\u00f4te Saint-Luc<\/a><\/li>\n<li><a href=\"https:\/\/www.montreal-west.ca\/\" target=\"_blank\" rel=\"noopener\">Montreal Ouest<\/a><\/li>\n<li><a href=\"https:\/\/www.ville.mont-royal.qc.ca\/\" target=\"_blank\" rel=\"noopener\">Mont-Royal<\/a><\/li>\n<li><a href=\"https:\/\/saintlaurent.ville.montreal.qc.ca\/en\/intro\/intro.asp\" target=\"_blank\" rel=\"noopener\">Saint-Laurent<\/a><\/li>\n<li><a href=\"https:\/\/ville.montreal.qc.ca\/\" target=\"_blank\" rel=\"noopener\">Ville de Montreal<\/a>\n<ul>\n<li><a href=\"https:\/\/montreal.ca\/en\/cote-des-neiges-notre-dame-de-grace\" target=\"_blank\" rel=\"noopener\">C\u00f4te-des-Neiges\u2013Notre-Dame-de-Gr\u00e2ce (NDG)<\/a><\/li>\n<\/ul>\n<\/li>\n<li><a href=\"https:\/\/www.westmount.org\/\" target=\"_blank\" rel=\"noopener\">Westmont<\/a><\/li>\n<\/ul>\n<h2><a id=\"Gov\" name=\"Gov\"><\/a><br \/>\nSites web du gouvernement<\/h2>\n<ul>\n<li><a href=\"https:\/\/www.ciussswestcentral.ca\/sites-and-resources\/clsc\/clsc-rene-cassin\/\" target=\"_blank\" rel=\"noopener\">CLSC Ren\u00e9-Cassin \/CSSS Cavendish<\/a>\u00a0(<a href=\"https:\/\/maps.google.ca\/maps?oe=utf-8&amp;rls=org.mozilla:en-GB:official&amp;client=firefox-a&amp;um=1&amp;ie=UTF-8&amp;q=CLSC+Ren%C3%A9-Cassin+5800+Cavendish+Blvd.,+%23500,+Montreal,+Quebec+H4W+2T5&amp;fb=1&amp;gl=ca&amp;hq=clsc+ren%C3%A9-cassin+5800&amp;hnear=Boulevard+Cavendish,+QC&amp;cid=0,0,6828395320569010293&amp;ei=Lc24TK7OCYKBnAe27-CoDQ&amp;sa=X&amp;oi=local_result&amp;ct=image&amp;resnum=1&amp;ved=0CBUQnwIwAA\" target=\"_blank\" rel=\"noopener\">Map<\/a>)<\/li>\n<li><a href=\"https:\/\/www.quebec.ca\/\" target=\"_blank\" rel=\"noopener\">Quebec Government<\/a>\n<ul>\n<li><a href=\"https:\/\/portail.lotoquebec.com\/en\/home\" target=\"_blank\" rel=\"noopener\">Lotto Quebec<\/a><\/li>\n<li><a href=\"https:\/\/www.saq.com\/en\/\" target=\"_blank\" rel=\"noopener\">SAQ (Soci\u00e9t\u00e9 des alcools du Qu\u00e9bec)<\/a><\/li>\n<li><a href=\"https:\/\/www.securitepublique.gouv.qc.ca\/en.html\" target=\"_blank\" rel=\"noopener\">Securite Publique<\/a><\/li>\n<li><a title=\"Opens external link in new window\" href=\"https:\/\/www.ramq.gouv.qc.ca\/en\" target=\"_blank\" rel=\"noopener\">R\u00e9gie de l&rsquo;assurance-maladie du Qu\u00e9bec<\/a><\/li>\n<\/ul>\n<\/li>\n<li><a href=\"https:\/\/www.canada.ca\/en.html\" target=\"_blank\" rel=\"noopener\">Gouvernement de Canada<\/a>\n<ul>\n<li><a title=\"Opens external link in new window\" href=\"https:\/\/www.canada.ca\/en\/health-canada.html\" target=\"_blank\" rel=\"noopener\">Sant\u00e9 Canada<\/a><\/li>\n<\/ul>\n<\/li>\n<\/ul>\n<h2><a id=\"Other\" name=\"Other\"><\/a><br \/>\nTransport, Transit et Circulation<\/h2>\n<ul>\n<li><a href=\"https:\/\/www.transports.gouv.qc.ca\/en\/Pages\/Home.aspx\" target=\"_blank\" rel=\"noopener\">Transports Quebec<\/a><\/li>\n<li><a href=\"https:\/\/www.quebec511.info\/en\/Diffusion\/EtatReseau\/Cameras.aspx\" target=\"_blank\" rel=\"noopener\">Montreal Traffic Cameras<\/a><\/li>\n<li><a href=\"http:\/\/www.stm.info\/en\" target=\"_blank\" rel=\"noopener\">Montreal Public Transit &#8211; Soci\u00e9t\u00e9 de transport de Montr\u00e9al (STM)<\/a>\n<ul>\n<li>Hampstead est accessible par les lignes de bus:<br \/>\n<strong>51<\/strong> \u00c9douard-Montpetit (Queen-Mary) &#8211; <img decoding=\"async\" class=\"alignnone wp-image-2703\" style=\"word-spacing: normal;\" src=\"https:\/\/billsteinberg.ca\/wp-content\/uploads\/2021\/03\/Montreal_Metro.png\" alt=\"Montreal Metro symbol\" width=\"20\" height=\"20\" \/> Snowdon Metro<br \/>\n<strong>66<\/strong> The Boulevard (C\u00f4te-Saint-Luc) &#8211; <img decoding=\"async\" style=\"border: 0px; margin: 0px;\" src=\"https:\/\/billsteinberg.ca\/wp-content\/uploads\/2021\/03\/Montreal_Metro.png\" alt=\"\" border=\"0\" \/> Guy Metro<br \/>\n<strong>161<\/strong> Van Horne (Fleet) &#8211; <img decoding=\"async\" style=\"border: 0px; margin: 0px;\" src=\"https:\/\/billsteinberg.ca\/wp-content\/uploads\/2021\/03\/Montreal_Metro.png\" alt=\"\" border=\"0\" \/> Plamondon Metro<br \/>\n<strong>166<\/strong> Queen Mary (Macdonald) &#8211; <img decoding=\"async\" style=\"border: 0px; margin: 0px;\" src=\"https:\/\/billsteinberg.ca\/wp-content\/uploads\/2021\/03\/Montreal_Metro.png\" alt=\"\" border=\"0\" \/> Snowdon Metro<\/li>\n<li>STM&rsquo;s <a href=\"http:\/\/www.stm.info\/en\/para\" target=\"_blank\" rel=\"noopener\">Paratransit<\/a> is a door-to-door transportation service for persons with disabilities that operates on a reservations basis. To have access to the service, all our users must have been found eligible beforehand. The <a href=\"http:\/\/www.stm.info\/en\/access\/using-public-transit-wheelchair\" target=\"_blank\" rel=\"noopener\">Accessible Bus Network<\/a> also provides access to wheelchair users on board low-floor vehicles.<\/li>\n<\/ul>\n<\/li>\n<\/ul>\n<h2><a id=\"News\" name=\"News\"><\/a><br \/>\nM\u00e9dias d&rsquo;information<\/h2>\n<ul>\n<li><a href=\"https:\/\/montreal.ctvnews.ca\/\" target=\"_blank\" rel=\"noopener\">CTV Montreal<\/a>\u00a0(TV)<\/li>\n<li><a href=\"https:\/\/globalnews.ca\/montreal\/\" target=\"_blank\" rel=\"noopener\">Global Montreal<\/a>\u00a0(TV)<\/li>\n<li><a href=\"https:\/\/www.montrealgazette.com\/\" target=\"_blank\" rel=\"noopener\">The Gazette<\/a>\u00a0(Newspaper)<\/li>\n<li><a href=\"https:\/\/mtltimes.ca\/\" target=\"_blank\" rel=\"noopener\">Montreal Times<\/a>\u00a0(Newspaper)<\/li>\n<li><a href=\"https:\/\/www.thesuburban.com\/\" target=\"_blank\" rel=\"noopener\">The Suburban<\/a>\u00a0(Newspaper)<\/li>\n<li><a href=\"https:\/\/www.cbc.ca\/news\/canada\/montreal\" target=\"_blank\" rel=\"noopener\">CBC Montreal<\/a>\u00a0(TV)<\/li>\n<li><a href=\"https:\/\/thecjn.ca\/\" target=\"_blank\" rel=\"noopener\">CJN Magazine<\/a> (Online)<\/li>\n<li><a href=\"https:\/\/www.cjnews.com\/\" target=\"_blank\" rel=\"noopener\">The Canadian Jewish News Archive<\/a> (Online)<\/li>\n<li><a href=\"https:\/\/www.theseniortimes.com\/\" target=\"_top\" rel=\"noopener\">The Senior Times<\/a><\/li>\n<li><a href=\"https:\/\/www.tmrpostvmr.com\/\" target=\"_blank\" rel=\"noopener\">TMR Weekly Post<\/a><\/li>\n<li><a href=\"https:\/\/www.westmountindependent.com\/\" target=\"_blank\" rel=\"noopener\">Westmount Independent<\/a><\/li>\n<li><a href=\"https:\/\/www.westislandchronicle.com\/\" target=\"_blank\" rel=\"noopener\">West Island Chronicle<\/a><\/li>\n<li><strong>Fran\u00e7ais<\/strong>\n<ul>\n<li><a href=\"https:\/\/www.icimontreal.com\/\" target=\"_blank\" rel=\"noopener\">Ici Montreal<\/a><\/li>\n<li><a href=\"https:\/\/www.ledevoir.com\/\" target=\"_blank\" rel=\"noopener\">Le Devoir<\/a><\/li>\n<li><a href=\"https:\/\/www.cyberpresse.ca\/actualites\/regional\/montreal\/\" target=\"_blank\" rel=\"noopener\">La Presse<\/a><\/li>\n<li><a href=\"https:\/\/www.journaldemontreal.com\/\" target=\"_blank\" rel=\"noopener\">Le Journal de Montreal<\/a><\/li>\n<li><a href=\"https:\/\/www.voir.ca\/\" target=\"_blank\" rel=\"noopener\">Voir<\/a><\/li>\n<\/ul>\n<\/li>\n<\/ul>\n<h2><a id=\"Mayor\" name=\"Mayor\"><\/a><br \/>\nMaire William Steinberg<\/h2>\n<ul>\n<li><a href=\"https:\/\/billsteinberg.ca\/\">Bill Steinberg (Official Website)<\/a><\/li>\n<li><a href=\"https:\/\/www.facebook.com\/pages\/Bill-Steinberg\/93157464604\" target=\"_blank\" rel=\"noopener\">Bill Steinberg (Facebook)<\/a><\/li>\n<li><a href=\"https:\/\/twitter.com\/Bill_Steinberg\" target=\"_blank\" rel=\"noopener\">Bill Steinberg (Twitter)<\/a><\/li>\n<li><a href=\"https:\/\/www.facebook.com\/pages\/Bill-Steinberg\/93157464604\" target=\"_blank\" rel=\"noopener\">Bill Steinberg (LinkedIn)<\/a><\/li>\n<\/ul>\n<p><a id=\"Emergency\" name=\"Emergency\"><\/a><\/p>\n<h3>Num\u00e9ros de t\u00e9l\u00e9phone et adresses<\/h3>\n<h2>Emergency Services<\/h2>\n<table border=\"1\" width=\"100%\">\n<tbody>\n<tr>\n<td width=\"56%\"><strong>URGENT ! Pompiers, Police, Ambulance, Gaz<\/strong><\/td>\n<td width=\"44%\"><span style=\"color: #ff0000;\"><strong>9-1-1<\/strong><\/span><\/td>\n<\/tr>\n<tr>\n<td><a href=\"https:\/\/www.hampstead.qc.ca\/inside_town_hall\/administration\/public_security\/\" target=\"_blank\" rel=\"noopener\"><strong>Hampstead S\u00e9curit\u00e9 Publique<\/strong><\/a><\/td>\n<td><strong><strong>Urgence<br \/>\n<\/strong><\/strong>PREMI\u00c8REMENT <strong><span style=\"color: #ff0000;\">9-1-1<\/span><br \/>\n<\/strong>ENSUITE <strong>514 369-8250 <\/strong><\/td>\n<\/tr>\n<tr>\n<td><strong><strong><a href=\"https:\/\/www.hatzoloh.ca\/en\/\" target=\"_blank\" rel=\"noopener\">Hatzoloh<\/a><br \/>\n<\/strong><\/strong>2375 Ekers, #305Montreal, Quebec H3S 1C6<\/td>\n<td><strong>Emergency\/Urgence (<span style=\"color: #ff0000;\">TOUJOURS APPELER LE 911 EN PREMIER<\/span>):<br \/>\n<\/strong>514 <strong>341-1818<br \/>\n<\/strong><strong>Non-Urgent<\/strong>:<br \/>\n514 344-2580<\/td>\n<\/tr>\n<tr>\n<td><a href=\"https:\/\/www.spvm.qc.ca\/en\/pdq09\/\" target=\"_blank\" rel=\"noopener\"><strong><strong><strong>Police PDQ 9<br \/>\n<\/strong><\/strong><\/strong><\/a>5501 Av Westminster, C\u00f4te-Saint-Luc, Quebec H4W 2J2<br \/>\n[at the intersection of C\u00f4te-Saint-Luc road]<\/td>\n<td><strong><strong>Emergency\/Urgence<br \/>\n<\/strong><\/strong><strong><span style=\"color: #ff0000;\">9-1-1<\/span><br \/>\n<\/strong><strong>PDQ 9<\/strong>: 514 280-0109<br \/>\n<strong>Info-Crime<\/strong>: 514 393-1133<\/td>\n<\/tr>\n<\/tbody>\n<\/table>\n<h2><a id=\"HampsteadPhone\" name=\"HampsteadPhone\"><\/a><\/h2>\n<h2>Town of Hampstead<\/h2>\n<table border=\"1\" width=\"100%\">\n<tbody>\n<tr>\n<td width=\"56%\"><strong>H\u00d4TEL DE VILLE DE HAMPSTEAD<br \/>\n<\/strong>5569 ch Queen Mary, Hampstead (Quebec) H3X 1W5<br \/>\n<strong>HEURES D&rsquo;OUVERTURE DU BUREAU:\u00a0<\/strong>Monday to Friday 8:30 AM to 4:30 PM<\/td>\n<td width=\"44%\">Tel: (514) 369-8200<br \/>\nFax: (514) 369-8229<br \/>\ninfo@hampstead.qc.ca<\/td>\n<\/tr>\n<tr>\n<td><strong>S\u00c9CURIT\u00c9 PUBLIQUE<br \/>\n<\/strong>5569 Queen Mary Road<\/td>\n<td>(514) 369-8250<\/td>\n<\/tr>\n<tr>\n<td><strong>TRAVAUX PUBLIQUE<br \/>\n<\/strong>10 Cleve<\/td>\n<td>(514) 369-8280<\/td>\n<\/tr>\n<tr>\n<td><strong>CENTRE COMMUNAUTAIRE<br \/>\n<\/strong>30 Lyncroft<\/td>\n<td>(514) 369-8260<\/td>\n<\/tr>\n<\/tbody>\n<\/table>\n","protected":false},"excerpt":{"rendered":"<p>Hampstead, Qu\u00e9bec Maire\u00a0| \u00c9coles | Villes | Gouvernement | Nouvelles | Transit Num\u00e9ros de t\u00e9l\u00e9phone et adresses Urgence | Hampstead \u00c0 Hampstead The Town of Hampstead Hampstead, QC M\u00e9t\u00e9o locale Institutions religieuses Adath Israel Synagogue Montreal Chinese Alliance Church Montreal Torah Center The Reconstructionist Synagogue (Congregation Dorshei Emet) First Baptist Church \u00c9coles Hampstead Elementary School&hellip;<\/p>\n","protected":false},"author":2,"featured_media":0,"parent":0,"menu_order":0,"comment_status":"closed","ping_status":"closed","template":"","meta":{"footnotes":""},"class_list":["post-2768","page","type-page","status-publish","hentry","description-off"],"_links":{"self":[{"href":"https:\/\/billsteinberg.ca\/fr\/wp-json\/wp\/v2\/pages\/2768","targetHints":{"allow":["GET"]}}],"collection":[{"href":"https:\/\/billsteinberg.ca\/fr\/wp-json\/wp\/v2\/pages"}],"about":[{"href":"https:\/\/billsteinberg.ca\/fr\/wp-json\/wp\/v2\/types\/page"}],"author":[{"embeddable":true,"href":"https:\/\/billsteinberg.ca\/fr\/wp-json\/wp\/v2\/users\/2"}],"replies":[{"embeddable":true,"href":"https:\/\/billsteinberg.ca\/fr\/wp-json\/wp\/v2\/comments?post=2768"}],"version-history":[{"count":0,"href":"https:\/\/billsteinberg.ca\/fr\/wp-json\/wp\/v2\/pages\/2768\/revisions"}],"wp:attachment":[{"href":"https:\/\/billsteinberg.ca\/fr\/wp-json\/wp\/v2\/media?parent=2768"}],"curies":[{"name":"wp","href":"https:\/\/api.w.org\/{rel}","templated":true}]}}