{"id":3379,"date":"2021-10-02T20:55:02","date_gmt":"2021-10-02T20:55:02","guid":{"rendered":"https:\/\/billsteinberg.ca\/un-bilan-exceptionnel\/environnement\/"},"modified":"2021-10-02T21:23:21","modified_gmt":"2021-10-02T21:23:21","slug":"environnement","status":"publish","type":"page","link":"https:\/\/billsteinberg.ca\/fr\/un-bilan-exceptionnel\/environnement\/","title":{"rendered":"Environnement"},"content":{"rendered":"\t\t<div data-elementor-type=\"wp-page\" data-elementor-id=\"3379\" class=\"elementor elementor-3379 elementor-3320\" data-elementor-post-type=\"page\">\n\t\t\t\t\t\t<section class=\"elementor-section elementor-top-section elementor-element elementor-element-ad89a43 elementor-section-boxed elementor-section-height-default elementor-section-height-default\" data-id=\"ad89a43\" data-element_type=\"section\" data-e-type=\"section\">\n\t\t\t\t\t\t<div class=\"elementor-container elementor-column-gap-default\">\n\t\t\t\t\t<div class=\"elementor-column elementor-col-100 elementor-top-column elementor-element elementor-element-23b3625\" data-id=\"23b3625\" data-element_type=\"column\" data-e-type=\"column\">\n\t\t\t<div class=\"elementor-widget-wrap elementor-element-populated\">\n\t\t\t\t\t\t<div class=\"elementor-element elementor-element-71d2945 elementor-widget elementor-widget-heading\" data-id=\"71d2945\" data-element_type=\"widget\" data-e-type=\"widget\" data-widget_type=\"heading.default\">\n\t\t\t\t\t<h2 class=\"elementor-heading-title elementor-size-default\">Un Hampstead plus propre et plus vert<\/h2>\t\t\t\t<\/div>\n\t\t\t\t<div class=\"elementor-element elementor-element-3e7eb21 elementor-widget__width-initial elementor-widget elementor-widget-text-editor\" data-id=\"3e7eb21\" data-element_type=\"widget\" data-e-type=\"widget\" data-widget_type=\"text-editor.default\">\n\t\t\t\t\t\t\t\t\t<ul><li>A travers le bulletin d&rsquo;information de Hampstead, le site web de la ville et les festivals <strong>les r\u00e9sidents sont \u00e9duqu\u00e9s sur la fa\u00e7on dont ils peuvent vivre des modes de vie plus respectueux de l&rsquo;environnement.<\/strong><\/li><li>Introduit des r\u00e8glements qui exigent que les maisons nouvellement construites aient une plus grande quantit\u00e9 d&rsquo;<b>espaces verts sur leurs propri\u00e9t\u00e9s<\/b>.<\/li><li><strong>Premi\u00e8re ville au Canada \u00e0 interdire les po\u00eales \u00e0 bois car ils polluent l&rsquo;air.\u00a0<\/strong><\/li><li><strong>Deuxi\u00e8me ville au Canada \u00e0 interdire le tabagisme public<\/strong> dans les rues, sur les trottoirs, dans les parcs et dans les b\u00e2timents municipaux.<\/li><li>Commenc\u00e9<strong>la migration de notre flotte de v\u00e9hicules vers l&rsquo;\u00e9lectrique<\/strong> ou l&rsquo;hybride.<\/li><li>Installation de <b>stations de recharge publiques<\/b> sur le chemin Hampstead pour les v\u00e9hicules \u00e9lectriques.<\/li><\/ul>\t\t\t\t\t\t\t\t<\/div>\n\t\t\t\t<div class=\"elementor-element elementor-element-163c658 elementor-widget__width-initial elementor-widget elementor-widget-image\" data-id=\"163c658\" data-element_type=\"widget\" data-e-type=\"widget\" data-widget_type=\"image.default\">\n\t\t\t\t\t\t\t\t\t\t\t\t\t\t\t<img fetchpriority=\"high\" decoding=\"async\" width=\"300\" height=\"300\" src=\"https:\/\/billsteinberg.ca\/wp-content\/uploads\/2021\/05\/clean-air-300x300.jpg\" class=\"attachment-medium size-medium wp-image-2741\" alt=\"Air pur\" srcset=\"https:\/\/billsteinberg.ca\/wp-content\/uploads\/2021\/05\/clean-air-300x300.jpg 300w, https:\/\/billsteinberg.ca\/wp-content\/uploads\/2021\/05\/clean-air-150x150.jpg 150w, https:\/\/billsteinberg.ca\/wp-content\/uploads\/2021\/05\/clean-air.jpg 500w\" sizes=\"(max-width: 300px) 100vw, 300px\" \/>\t\t\t\t\t\t\t\t\t\t\t\t\t\t\t<\/div>\n\t\t\t\t<div class=\"elementor-element elementor-element-27b8d36 elementor-widget__width-initial elementor-widget elementor-widget-text-editor\" data-id=\"27b8d36\" data-element_type=\"widget\" data-e-type=\"widget\" data-widget_type=\"text-editor.default\">\n\t\t\t\t\t\t\t\t\t<ul><li><b>Plant\u00e9 plus de mille nouveaux arbres<\/b> \u00e0 Hampstead pour aider \u00e0 r\u00e9duire notre empreinte carbone.<\/li><li>R\u00e9ponse \u00e0 la crise de l&rsquo;agrile du fr\u00eane en plantant des centaines de nouveaux arbres de diff\u00e9rentes esp\u00e8ces pour <strong>augmenter la biodiversit\u00e9<\/strong>.<\/li><li>Converti tous nos lampadaires verts en <b>lumi\u00e8res LED intelligentes permettant d&rsquo;\u00e9conomiser de l&rsquo;\u00e9nergie et de l&rsquo;argent<\/b>.<\/li><li>Transform\u00e9 les terre-pleins en b\u00e9ton sur Fleet en jardini\u00e8res avec des arbres et de belles fleurs. <strong><a href=\"https:\/\/billsteinberg.ca\/fr\/un-bilan-exceptionnel\/lembellissement-et-lenvironnement\/\">Lisez-en plus sur nos efforts d&#8217;embellissement ici.<\/a><\/strong><\/li><li>Introduit des <strong>dispensateurs de sacs pour chiens\u00a0<\/strong>pour encourager les propri\u00e9taires \u00e0 ramasser les excr\u00e9ments de leurs chiens (de plus, les publicit\u00e9s sur les distributeurs g\u00e9n\u00e8rent des revenus).<\/li><li>Ajout\u00e9 des dizaines de\u00a0<strong>r\u00e9cipients \u00e0 ordures<\/strong>.<\/li><\/ul>\t\t\t\t\t\t\t\t<\/div>\n\t\t\t\t<div class=\"elementor-element elementor-element-2b5d0a4 elementor-widget__width-initial elementor-widget elementor-widget-image\" data-id=\"2b5d0a4\" data-element_type=\"widget\" data-e-type=\"widget\" data-widget_type=\"image.default\">\n\t\t\t\t\t\t\t\t\t\t\t\t\t\t\t<img decoding=\"async\" width=\"300\" height=\"300\" src=\"https:\/\/billsteinberg.ca\/wp-content\/uploads\/2013\/06\/dog-dispenser-300x300.jpg\" class=\"attachment-medium size-medium wp-image-2638\" alt=\"Distributeur de sacs pour chiens\" srcset=\"https:\/\/billsteinberg.ca\/wp-content\/uploads\/2013\/06\/dog-dispenser-300x300.jpg 300w, https:\/\/billsteinberg.ca\/wp-content\/uploads\/2013\/06\/dog-dispenser-150x150.jpg 150w, https:\/\/billsteinberg.ca\/wp-content\/uploads\/2013\/06\/dog-dispenser-125x125.jpg 125w, https:\/\/billsteinberg.ca\/wp-content\/uploads\/2013\/06\/dog-dispenser.jpg 500w\" sizes=\"(max-width: 300px) 100vw, 300px\" \/>\t\t\t\t\t\t\t\t\t\t\t\t\t\t\t<\/div>\n\t\t\t\t<div class=\"elementor-element elementor-element-6c940f4 elementor-widget__width-initial elementor-widget elementor-widget-text-editor\" data-id=\"6c940f4\" data-element_type=\"widget\" data-e-type=\"widget\" data-widget_type=\"text-editor.default\">\n\t\t\t\t\t\t\t\t\t<ul>\n<li>Introduction de la collecte des ordures une fois par semaine pour <strong>r\u00e9duire les d\u00e9chets et augmenter le recyclage<\/strong>. Nous avons re\u00e7u plus de 300 000 $ du Qu\u00e9bec pour la r\u00e9duction de la quantit\u00e9 de d\u00e9chets ramass\u00e9s.<\/li>\n<li>Ajout\u00e9 des <strong>bacs \u00e0 ordures et \u00e0 recyclage couverts<\/strong> sur roues pour les collectes automatis\u00e9es, qui sont plus efficaces, <strong>maintiennent la ville plus propre et r\u00e9duisent les probl\u00e8mes dus \u00e0 la faune urbaine<\/strong>.<\/li>\n<li>Les r\u00e9sidents peuvent d\u00e9sormais <b>augmenter leurs conteneurs de recyclage \u00e0 360L, gratuitement<\/b>, et obtenir des poubelles plus petites. Cela encourage plus de recyclage et moins de d\u00e9chets, ce qui rapporte de l&rsquo;argent \u00e0 la Ville.<\/li>\n<li>Le maire Steinberg a \u00e9t\u00e9 <b>un ardent d\u00e9fenseur de l&rsquo;interdiction du transport de mati\u00e8res dangereuses<\/b> \u00e0 travers les cours de triage adjacentes \u00e0 Hampstead.<\/li>\n<\/ul>\n\t\t\t\t\t\t\t\t<\/div>\n\t\t\t\t<div class=\"elementor-element elementor-element-c1e276d elementor-widget__width-initial elementor-widget elementor-widget-image\" data-id=\"c1e276d\" data-element_type=\"widget\" data-e-type=\"widget\" data-widget_type=\"image.default\">\n\t\t\t\t\t\t\t\t\t\t\t\t\t\t\t<img decoding=\"async\" width=\"300\" height=\"300\" src=\"https:\/\/billsteinberg.ca\/wp-content\/uploads\/2021\/05\/Hampstead-bac-recyclage-300x300.jpg\" class=\"attachment-medium size-medium wp-image-2740\" alt=\"Bacs de recyclage de Hampstead\" srcset=\"https:\/\/billsteinberg.ca\/wp-content\/uploads\/2021\/05\/Hampstead-bac-recyclage-300x300.jpg 300w, https:\/\/billsteinberg.ca\/wp-content\/uploads\/2021\/05\/Hampstead-bac-recyclage-150x150.jpg 150w, https:\/\/billsteinberg.ca\/wp-content\/uploads\/2021\/05\/Hampstead-bac-recyclage.jpg 500w\" sizes=\"(max-width: 300px) 100vw, 300px\" \/>\t\t\t\t\t\t\t\t\t\t\t\t\t\t\t<\/div>\n\t\t\t\t\t<\/div>\n\t\t<\/div>\n\t\t\t\t\t<\/div>\n\t\t<\/section>\n\t\t\t\t<\/div>\n\t\t","protected":false},"excerpt":{"rendered":"<p>Un Hampstead plus propre et plus vert A travers le bulletin d&rsquo;information de Hampstead, le site web de la ville et les festivals les r\u00e9sidents sont \u00e9duqu\u00e9s sur la fa\u00e7on dont ils peuvent vivre des modes de vie plus respectueux de l&rsquo;environnement. Introduit des r\u00e8glements qui exigent que les maisons nouvellement construites aient une plus&hellip;<\/p>\n","protected":false},"author":3,"featured_media":0,"parent":242,"menu_order":0,"comment_status":"closed","ping_status":"closed","template":"","meta":{"footnotes":""},"class_list":["post-3379","page","type-page","status-publish","hentry"],"_links":{"self":[{"href":"https:\/\/billsteinberg.ca\/fr\/wp-json\/wp\/v2\/pages\/3379","targetHints":{"allow":["GET"]}}],"collection":[{"href":"https:\/\/billsteinberg.ca\/fr\/wp-json\/wp\/v2\/pages"}],"about":[{"href":"https:\/\/billsteinberg.ca\/fr\/wp-json\/wp\/v2\/types\/page"}],"author":[{"embeddable":true,"href":"https:\/\/billsteinberg.ca\/fr\/wp-json\/wp\/v2\/users\/3"}],"replies":[{"embeddable":true,"href":"https:\/\/billsteinberg.ca\/fr\/wp-json\/wp\/v2\/comments?post=3379"}],"version-history":[{"count":0,"href":"https:\/\/billsteinberg.ca\/fr\/wp-json\/wp\/v2\/pages\/3379\/revisions"}],"up":[{"embeddable":true,"href":"https:\/\/billsteinberg.ca\/fr\/wp-json\/wp\/v2\/pages\/242"}],"wp:attachment":[{"href":"https:\/\/billsteinberg.ca\/fr\/wp-json\/wp\/v2\/media?parent=3379"}],"curies":[{"name":"wp","href":"https:\/\/api.w.org\/{rel}","templated":true}]}}