{"id":5010,"date":"2025-05-25T20:19:32","date_gmt":"2025-05-26T00:19:32","guid":{"rendered":"https:\/\/billsteinberg.ca\/citoyens-engages-de-hampstead\/"},"modified":"2025-10-06T08:49:33","modified_gmt":"2025-10-06T12:49:33","slug":"citoyens-engages-de-hampstead","status":"publish","type":"page","link":"https:\/\/billsteinberg.ca\/fr\/citoyens-engages-de-hampstead\/","title":{"rendered":"Citoyens engag\u00e9s de Hampstead"},"content":{"rendered":"\t\t<div data-elementor-type=\"wp-page\" data-elementor-id=\"5010\" class=\"elementor elementor-5010 elementor-5005\" data-elementor-post-type=\"page\">\n\t\t\t\t<div class=\"elementor-element elementor-element-4740c2b e-flex e-con-boxed e-con e-parent\" data-id=\"4740c2b\" data-element_type=\"container\" data-e-type=\"container\">\n\t\t\t\t\t<div class=\"e-con-inner\">\n\t\t\t\t<div class=\"elementor-element elementor-element-eeee216 elementor-button-align-stretch elementor-widget elementor-widget-form\" data-id=\"eeee216\" data-element_type=\"widget\" data-e-type=\"widget\" data-settings=\"{&quot;step_next_label&quot;:&quot;Suivant&quot;,&quot;step_previous_label&quot;:&quot;Pr\\u00e9c\\u00e9dent&quot;,&quot;button_width&quot;:&quot;100&quot;,&quot;step_type&quot;:&quot;number_text&quot;,&quot;step_icon_shape&quot;:&quot;circle&quot;}\" data-widget_type=\"form.default\">\n\t\t\t\t\t\t\t<form class=\"elementor-form\" method=\"post\" name=\"CCH Form FR\" aria-label=\"CCH Form FR\">\n\t\t\t<input type=\"hidden\" name=\"post_id\" value=\"5010\"\/>\n\t\t\t<input type=\"hidden\" name=\"form_id\" value=\"eeee216\"\/>\n\t\t\t<input type=\"hidden\" name=\"referer_title\" value=\"Citoyens engag\u00e9s de Hampstead - Maire Bill Steinberg\" \/>\n\n\t\t\t\t\t\t\t<input type=\"hidden\" name=\"queried_id\" value=\"5010\"\/>\n\t\t\t\n\t\t\t<div class=\"elementor-form-fields-wrapper elementor-labels-above\">\n\t\t\t\t\t\t\t\t<div class=\"elementor-field-type-text\">\n\t\t\t\t\t<input size=\"1\" type=\"text\" name=\"form_fields[field_bfeeeda]\" id=\"form-field-field_bfeeeda\" class=\"elementor-field elementor-size-sm \" style=\"display:none !important;\">\t\t\t\t<\/div>\n\t\t\t\t\t\t\t\t<div class=\"elementor-field-type-text elementor-field-group elementor-column elementor-field-group-first_name elementor-col-50 elementor-field-required elementor-mark-required\">\n\t\t\t\t\t\t\t\t\t\t\t\t<label for=\"form-field-first_name\" class=\"elementor-field-label\">\n\t\t\t\t\t\t\t\tPr\u00e9nom\t\t\t\t\t\t\t<\/label>\n\t\t\t\t\t\t\t\t\t\t\t\t\t\t<input size=\"1\" type=\"text\" name=\"form_fields[first_name]\" id=\"form-field-first_name\" class=\"elementor-field elementor-size-sm  elementor-field-textual\" placeholder=\"Pr\u00e9nom\" required=\"required\">\n\t\t\t\t\t\t\t\t\t\t\t<\/div>\n\t\t\t\t\t\t\t\t<div class=\"elementor-field-type-text elementor-field-group elementor-column elementor-field-group-last_name elementor-col-50 elementor-field-required elementor-mark-required\">\n\t\t\t\t\t\t\t\t\t\t\t\t<label for=\"form-field-last_name\" class=\"elementor-field-label\">\n\t\t\t\t\t\t\t\tNom\t\t\t\t\t\t\t<\/label>\n\t\t\t\t\t\t\t\t\t\t\t\t\t\t<input size=\"1\" type=\"text\" name=\"form_fields[last_name]\" id=\"form-field-last_name\" class=\"elementor-field elementor-size-sm  elementor-field-textual\" placeholder=\"Nom de famille\" required=\"required\">\n\t\t\t\t\t\t\t\t\t\t\t<\/div>\n\t\t\t\t\t\t\t\t<div class=\"elementor-field-type-email elementor-field-group elementor-column elementor-field-group-email elementor-col-50 elementor-field-required elementor-mark-required\">\n\t\t\t\t\t\t\t\t\t\t\t\t<label for=\"form-field-email\" class=\"elementor-field-label\">\n\t\t\t\t\t\t\t\tCourriel\t\t\t\t\t\t\t<\/label>\n\t\t\t\t\t\t\t\t\t\t\t\t\t\t<input size=\"1\" type=\"email\" name=\"form_fields[email]\" id=\"form-field-email\" class=\"elementor-field elementor-size-sm  elementor-field-textual\" placeholder=\"Courriel\" required=\"required\">\n\t\t\t\t\t\t\t\t\t\t\t<\/div>\n\t\t\t\t\t\t\t\t<div class=\"elementor-field-type-tel elementor-field-group elementor-column elementor-field-group-field_6966945 elementor-col-50\">\n\t\t\t\t\t\t\t\t\t\t\t\t<label for=\"form-field-field_6966945\" class=\"elementor-field-label\">\n\t\t\t\t\t\t\t\tT\u00e9l\u00e9phone\t\t\t\t\t\t\t<\/label>\n\t\t\t\t\t\t\t\t<input size=\"1\" type=\"tel\" name=\"form_fields[field_6966945]\" id=\"form-field-field_6966945\" class=\"elementor-field elementor-size-sm  elementor-field-textual\" placeholder=\"514-999-9999\" pattern=\"[0-9()#&amp;+*-=.]+\" title=\"Seuls les caract\u00e8res de num\u00e9ros de t\u00e9l\u00e9phone (#, -, *, etc.) sont accept\u00e9s.\">\n\n\t\t\t\t\t\t<\/div>\n\t\t\t\t\t\t\t\t<div class=\"elementor-field-type-text elementor-field-group elementor-column elementor-field-group-field_32f6dd4 elementor-col-100\">\n\t\t\t\t\t\t\t\t\t\t\t\t<label for=\"form-field-field_32f6dd4\" class=\"elementor-field-label\">\n\t\t\t\t\t\t\t\tNo., rue\t\t\t\t\t\t\t<\/label>\n\t\t\t\t\t\t\t\t\t\t\t\t\t\t<input size=\"1\" type=\"text\" name=\"form_fields[field_32f6dd4]\" id=\"form-field-field_32f6dd4\" class=\"elementor-field elementor-size-sm  elementor-field-textual\" placeholder=\"5569 Queen Mary Rd\">\n\t\t\t\t\t\t\t\t\t\t\t<\/div>\n\t\t\t\t\t\t\t\t<div class=\"elementor-field-type-checkbox elementor-field-group elementor-column elementor-field-group-field_f482935 elementor-col-100\">\n\t\t\t\t\t\t\t\t\t\t\t\t<label for=\"form-field-field_f482935\" class=\"elementor-field-label\">\n\t\t\t\t\t\t\t\tCochez toutes les cases qui s'appliquent :\t\t\t\t\t\t\t<\/label>\n\t\t\t\t\t\t<div class=\"elementor-field-subgroup  \"><span class=\"elementor-field-option\"><input type=\"checkbox\" value=\"Je voterai pour un maire et des conseillers qui redonneront \u00e0 Hampstead son aspect d&#039;antan et qui nous feront progresser.\" id=\"form-field-field_f482935-0\" name=\"form_fields[field_f482935][]\"> <label for=\"form-field-field_f482935-0\">Je voterai pour un maire et des conseillers qui redonneront \u00e0 Hampstead son aspect d'antan et qui nous feront progresser.<\/label><\/span><span class=\"elementor-field-option\"><input type=\"checkbox\" value=\"J&#039;aimerais me porter volontaire pour aider \u00e0 faire \u00e9lire ces personnes - contactez-moi.\" id=\"form-field-field_f482935-1\" name=\"form_fields[field_f482935][]\"> <label for=\"form-field-field_f482935-1\">J'aimerais me porter volontaire pour aider \u00e0 faire \u00e9lire ces personnes - contactez-moi.<\/label><\/span><span class=\"elementor-field-option\"><input type=\"checkbox\" value=\"J&#039;envisagerais de me pr\u00e9senter au conseil municipal - contactez-moi.\" id=\"form-field-field_f482935-2\" name=\"form_fields[field_f482935][]\"> <label for=\"form-field-field_f482935-2\">J'envisagerais de me pr\u00e9senter au conseil municipal - contactez-moi.<\/label><\/span><\/div>\t\t\t\t<\/div>\n\t\t\t\t\t\t\t\t<div class=\"elementor-field-type-acceptance elementor-field-group elementor-column elementor-field-group-field_a15274c elementor-col-100 elementor-field-required elementor-mark-required\">\n\t\t\t\t\t\t\t<div class=\"elementor-field-subgroup\">\n\t\t\t<span class=\"elementor-field-option\">\n\t\t\t\t<input type=\"checkbox\" name=\"form_fields[field_a15274c]\" id=\"form-field-field_a15274c\" class=\"elementor-field elementor-size-sm  elementor-acceptance-field\" required=\"required\" checked=\"checked\">\n\t\t\t\t<label for=\"form-field-field_a15274c\">Toutes les informations sont envoy\u00e9es en toute s\u00e9curit\u00e9 et sont r\u00e9serv\u00e9es \u00e0 l'usage exclusif de Bill Steinberg. Je ne vendrai ni ne communiquerai jamais vos informations \u00e0 qui que ce soit. En soumettant ce formulaire, vous acceptez d'\u00eatre inscrit sur ma liste de diffusion et que je puisse vous contacter par t\u00e9l\u00e9phone ou par courrier \u00e9lectronique \u00e0 l'avenir. Vous acceptez \u00e9galement notre politique de confidentialit\u00e9 et les conditions d'utilisation du site web.<\/label>\t\t\t<\/span>\n\t\t<\/div>\n\t\t\t\t\t\t<\/div>\n\t\t\t\t\t\t\t\t<div class=\"elementor-field-type-recaptcha_v3 elementor-field-group elementor-column elementor-field-group-field_91c8f98 elementor-col-100 recaptcha_v3-bottomright\">\n\t\t\t\t\t<div class=\"elementor-field\" id=\"form-field-field_91c8f98\"><div class=\"elementor-g-recaptcha\" data-sitekey=\"6LdHB0krAAAAAIbQA5HlwbL1-TrHJyMkbmjH6UwI\" data-type=\"v3\" data-action=\"Form\" data-badge=\"bottomright\" data-size=\"invisible\"><\/div><\/div>\t\t\t\t<\/div>\n\t\t\t\t\t\t\t\t<div class=\"elementor-field-group elementor-column elementor-field-type-submit elementor-col-100 e-form__buttons\">\n\t\t\t\t\t<button class=\"elementor-button elementor-size-sm\" type=\"submit\">\n\t\t\t\t\t\t<span class=\"elementor-button-content-wrapper\">\n\t\t\t\t\t\t\t\t\t\t\t\t\t\t\t\t\t\t\t\t\t\t<span class=\"elementor-button-text\">Soutenir Bill et l'\u00e9quipe Imagine Hampstead<\/span>\n\t\t\t\t\t\t\t\t\t\t\t\t\t<\/span>\n\t\t\t\t\t<\/button>\n\t\t\t\t<\/div>\n\t\t\t<\/div>\n\t\t<\/form>\n\t\t\t\t\t\t<\/div>\n\t\t\t\t\t<\/div>\n\t\t\t\t<\/div>\n\t\t<div class=\"elementor-element elementor-element-ed963f2 e-flex e-con-boxed e-con e-parent\" data-id=\"ed963f2\" data-element_type=\"container\" data-e-type=\"container\">\n\t\t\t\t\t<div class=\"e-con-inner\">\n\t\t<div class=\"elementor-element elementor-element-5a9b905 e-con-full e-flex e-con e-child\" data-id=\"5a9b905\" data-element_type=\"container\" data-e-type=\"container\">\n\t\t\t\t<div class=\"elementor-element elementor-element-0908162 elementor-widget elementor-widget-text-editor\" data-id=\"0908162\" data-element_type=\"widget\" data-e-type=\"widget\" data-widget_type=\"text-editor.default\">\n\t\t\t\t\t\t\t\t\t<h2>Dons<\/h2>\n<p>Voici comment fonctionnent les dons : vous pouvez contribuer \u00e0 hauteur de 200 $ par candidat. Un don unique de 200 $ vous donne droit \u00e0 un cr\u00e9dit d&rsquo;imp\u00f4t de 155 $, ce qui signifie que <strong>votre co\u00fbt r\u00e9el n&rsquo;est que de 45 $<\/strong>. Si votre foyer compte plusieurs \u00e9lecteurs, chaque personne peut faire un don de 200 $ et b\u00e9n\u00e9ficier du m\u00eame cr\u00e9dit d&rsquo;imp\u00f4t. Vous pouvez \u00e9galement faire un don de 200 $ \u00e0 plusieurs de nos candidats, mais les cr\u00e9dits d&rsquo;imp\u00f4t ne s&rsquo;appliquent qu&rsquo;\u00e0 votre premier don.<br \/>Nous avons trouv\u00e9 d&rsquo;excellents candidats avec de jeunes familles, exactement ce dont Hampstead a besoin pour l&rsquo;avenir. Mais il leur est plus difficile de collecter des fonds, c&rsquo;est pourquoi votre soutien fait vraiment la diff\u00e9rence. Hampstead m\u00e9rite un conseil municipal qui refl\u00e8te ses habitants, et pas seulement une poign\u00e9e de riches.<\/p>\n\t\t\t\t\t\t\t\t<\/div>\n\t\t\t\t<\/div>\n\t\t<div class=\"elementor-element elementor-element-a331202 e-con-full e-flex e-con e-child\" data-id=\"a331202\" data-element_type=\"container\" data-e-type=\"container\">\n\t\t\t\t<div class=\"elementor-element elementor-element-adc4c80 elementor-widget elementor-widget-text-editor\" data-id=\"adc4c80\" data-element_type=\"widget\" data-e-type=\"widget\" data-widget_type=\"text-editor.default\">\n\t\t\t\t\t\t\t\t\t<h2>B\u00e9n\u00e9voles<\/h2>\n<p>Si vous vous \u00eates d\u00e9j\u00e0 inscrit comme b\u00e9n\u00e9vole, inutile de le refaire \u2014 nous vous contacterons bient\u00f4t.<br \/>En raison de la gr\u00e8ve de Postes Canada et des services de livraison co\u00fbteux et peu fiables, nous comptons sur des b\u00e9n\u00e9voles pour aider \u00e0 distribuer nos documents de campagne. Nous avons \u00e9galement besoin de personnes pour<strong> aider \u00e0 mobiliser les \u00e9lecteurs<\/strong> pendant quelques heures seulement<strong> les 26 octobre et 2 novembre<\/strong>.<\/p>\n<p>Remarque : <strong>les b\u00e9n\u00e9voles ne sont pas tenus de r\u00e9sider \u00e0 Hampstead, mais les donateurs doivent y habiter.<\/strong><\/p>\n\t\t\t\t\t\t\t\t<\/div>\n\t\t\t\t<\/div>\n\t\t\t\t\t<\/div>\n\t\t\t\t<\/div>\n\t\t\t\t<\/div>\n\t\t","protected":false},"excerpt":{"rendered":"<p>Dons Voici comment fonctionnent les dons : vous pouvez contribuer \u00e0 hauteur de 200 $ par candidat. Un don unique de 200 $ vous donne droit \u00e0 un cr\u00e9dit d&rsquo;imp\u00f4t de 155 $, ce qui signifie que votre co\u00fbt r\u00e9el n&rsquo;est que de 45 $. Si votre foyer compte plusieurs \u00e9lecteurs, chaque personne peut faire&hellip;<\/p>\n","protected":false},"author":3,"featured_media":0,"parent":0,"menu_order":0,"comment_status":"closed","ping_status":"closed","template":"","meta":{"footnotes":""},"class_list":["post-5010","page","type-page","status-publish","hentry"],"_links":{"self":[{"href":"https:\/\/billsteinberg.ca\/fr\/wp-json\/wp\/v2\/pages\/5010","targetHints":{"allow":["GET"]}}],"collection":[{"href":"https:\/\/billsteinberg.ca\/fr\/wp-json\/wp\/v2\/pages"}],"about":[{"href":"https:\/\/billsteinberg.ca\/fr\/wp-json\/wp\/v2\/types\/page"}],"author":[{"embeddable":true,"href":"https:\/\/billsteinberg.ca\/fr\/wp-json\/wp\/v2\/users\/3"}],"replies":[{"embeddable":true,"href":"https:\/\/billsteinberg.ca\/fr\/wp-json\/wp\/v2\/comments?post=5010"}],"version-history":[{"count":2,"href":"https:\/\/billsteinberg.ca\/fr\/wp-json\/wp\/v2\/pages\/5010\/revisions"}],"predecessor-version":[{"id":5292,"href":"https:\/\/billsteinberg.ca\/fr\/wp-json\/wp\/v2\/pages\/5010\/revisions\/5292"}],"wp:attachment":[{"href":"https:\/\/billsteinberg.ca\/fr\/wp-json\/wp\/v2\/media?parent=5010"}],"curies":[{"name":"wp","href":"https:\/\/api.w.org\/{rel}","templated":true}]}}