{"id":5489,"date":"2025-10-29T16:25:00","date_gmt":"2025-10-29T20:25:00","guid":{"rendered":"https:\/\/billsteinberg.ca\/preuve-du-comportement-contraire-a-lethique-du-conseil-municipal-de-hampstead\/"},"modified":"2025-10-29T16:25:02","modified_gmt":"2025-10-29T20:25:02","slug":"preuve-du-comportement-contraire-a-lethique-du-conseil-municipal-de-hampstead","status":"publish","type":"page","link":"https:\/\/billsteinberg.ca\/fr\/preuve-du-comportement-contraire-a-lethique-du-conseil-municipal-de-hampstead\/","title":{"rendered":"Preuve du comportement contraire \u00e0 l&rsquo;\u00e9thique du conseil municipal de Hampstead"},"content":{"rendered":"\t\t<div data-elementor-type=\"wp-page\" data-elementor-id=\"5489\" class=\"elementor elementor-5489 elementor-5390\" data-elementor-post-type=\"page\">\n\t\t\t\t<div class=\"elementor-element elementor-element-e6ef176 e-flex e-con-boxed e-con e-parent\" data-id=\"e6ef176\" data-element_type=\"container\" data-e-type=\"container\">\n\t\t\t\t\t<div class=\"e-con-inner\">\n\t\t\t\t<div class=\"elementor-element elementor-element-907e983 elementor-widget elementor-widget-text-editor\" data-id=\"907e983\" data-element_type=\"widget\" data-e-type=\"widget\" data-widget_type=\"text-editor.default\">\n\t\t\t\t\t\t\t\t\t<div><span style=\"word-spacing: normal;\">Dans mon article, <\/span><em style=\"word-spacing: normal;\" data-start=\"271\" data-end=\"330\">\u00ab <a href=\"https:\/\/billsteinberg.ca\/fr\/lutilisation-scandaleuse-de-largent-des-contribuables-par-le-conseil-municipal-de-hampstead\/\">L&rsquo;utilisation scandaleuse de vos imp\u00f4ts par le conseil municipal de Hampstead<\/a> \u00bb,<\/em><span style=\"word-spacing: normal;\"> j&rsquo;ai soulign\u00e9 de graves pr\u00e9occupations concernant les pratiques de d\u00e9penses et la conduite contraire \u00e0 l&rsquo;\u00e9thique du maire Jeremy Levi et de l&rsquo;actuel conseil municipal de Hampstead. Ces pr\u00e9occupations s&rsquo;appuyaient sur de nombreux documents obtenus \u00e0 partir de registres officiels et de divulgations publiques. <\/span><\/div>\n<p><\/p>\n<div><span style=\"word-spacing: normal;\"> <\/span><\/div>\n<p><\/p>\n<p data-start=\"1042\" data-end=\"1264\">Cet article pr\u00e9sente ces preuves. Il \u00e9tablit, \u00e0 l&rsquo;aide de documents v\u00e9rifiables, que les fonds des contribuables ont \u00e9t\u00e9 d\u00e9tourn\u00e9s \u00e0 des fins personnelles et que le conseil municipal a manqu\u00e9 \u00e0 son devoir de surveillance et d&rsquo;action dans l&rsquo;int\u00e9r\u00eat public. En raison de la nature de certains documents qui ne sont pas num\u00e9ris\u00e9s, je n&rsquo;ai pas pu partager TOUTES mes preuves. Si vous souhaitez approfondir la question, veuillez <a href=\"mailto:bill@billsteinberg.ca\">me contacter<\/a>.<\/p>\n<div>\n<h2 data-start=\"427\" data-end=\"461\"><strong data-start=\"430\" data-end=\"461\">Preuve de la faute professionnelle du conseil municipal<\/strong><\/h2>\n<h3 data-start=\"463\" data-end=\"519\"><strong data-start=\"467\" data-end=\"519\">Une augmentation salariale de 40,5 % &#8211; huit fois sup\u00e9rieure \u00e0 l&rsquo;inflation<\/strong><\/h3>\n<p data-start=\"521\" data-end=\"732\">Les documents, dont les liens figurent ci-dessous, comprennent le r\u00e8glement municipal de 2022 adopt\u00e9 par le conseil actuel, qui fixe le salaire des conseillers \u00e0 <strong data-start=\"631\" data-end=\"642\">22 833 $<\/strong> \u00e0 compter du 1er janvier 2022. Le r\u00e8glement pr\u00e9c\u00e9dent, datant de 2019, fixait le salaire \u00e0 <strong data-start=\"718\" data-end=\"729\">16 250 $<\/strong>.\u00a0<span style=\"word-spacing: normal;\">Cela repr\u00e9sente une augmentation de <\/span><strong style=\"word-spacing: normal;\" data-start=\"757\" data-end=\"767\">6 583 $<\/strong>, <span style=\"word-spacing: normal;\" >soit <\/span><strong style=\"word-spacing: normal;\" data-start=\"771\" data-end=\"801\">40,5 % en seulement trois ans.<\/strong><\/p>\n<p data-start=\"734\" data-end=\"954\">Au cours de la m\u00eame p\u00e9riode, l&rsquo;indice des prix \u00e0 la consommation (IPC) n&rsquo;a augment\u00e9 que de <strong data-start=\"873\" data-end=\"879\">5 %<\/strong>, ce qui signifie que le conseil municipal a augment\u00e9 ses propres salaires <strong data-start=\"916\" data-end=\"954\">huit fois plus vite que l&rsquo;inflation.\u00a0<\/strong><span style=\"word-spacing: normal;\">Le co\u00fbt de cette augmentation repr\u00e9sente \u00e0 lui seul <\/span><strong style=\"word-spacing: normal;\" data-start=\"999\" data-end=\"1040\">pr\u00e8s d&rsquo;un quart de million de dollars<\/strong><span style=\"word-spacing: normal;\"> de d\u00e9penses suppl\u00e9mentaires pour les contribuables au cours du mandat actuel &#8211; <\/span><em style=\"word-spacing: normal;\" data-start=\"1095\" data-end=\"1115\"><b>uniquement pour l&rsquo;augmentation<\/b><\/em><span style=\"word-spacing: normal;\">, sans compter les salaires de base.<\/p>\n<p data-start=\"1143\" data-end=\"1231\"><span style=\"color: #1e543a;\"><strong data-start=\"1039\" data-end=\"1065\">Notre engagement envers vous :<\/strong> Bill et son \u00e9quipe r\u00e9tabliront les salaires aux niveaux de 2019, ajust\u00e9s uniquement en fonction de l&rsquo;inflation. <\/span><\/p>\n<\/div>\n\t\t\t\t\t\t\t\t<\/div>\n\t\t\t\t<div class=\"elementor-element elementor-element-8e71bb6 elementor-align-center elementor-widget elementor-widget-button\" data-id=\"8e71bb6\" data-element_type=\"widget\" data-e-type=\"widget\" data-widget_type=\"button.default\">\n\t\t\t\t\t\t\t\t\t\t<a class=\"elementor-button elementor-button-link elementor-size-sm\" href=\"https:\/\/billsteinberg.ca\/wp-content\/uploads\/2025\/10\/Proof-of-40.5_-salary-increase.pdf\" target=\"_blank\">\n\t\t\t\t\t\t<span class=\"elementor-button-content-wrapper\">\n\t\t\t\t\t\t<span class=\"elementor-button-icon\">\n\t\t\t\t<svg aria-hidden=\"true\" class=\"e-font-icon-svg e-far-file-pdf\" viewBox=\"0 0 384 512\" xmlns=\"http:\/\/www.w3.org\/2000\/svg\"><path d=\"M369.9 97.9L286 14C277 5 264.8-.1 252.1-.1H48C21.5 0 0 21.5 0 48v416c0 26.5 21.5 48 48 48h288c26.5 0 48-21.5 48-48V131.9c0-12.7-5.1-25-14.1-34zM332.1 128H256V51.9l76.1 76.1zM48 464V48h160v104c0 13.3 10.7 24 24 24h104v288H48zm250.2-143.7c-12.2-12-47-8.7-64.4-6.5-17.2-10.5-28.7-25-36.8-46.3 3.9-16.1 10.1-40.6 5.4-56-4.2-26.2-37.8-23.6-42.6-5.9-4.4 16.1-.4 38.5 7 67.1-10 23.9-24.9 56-35.4 74.4-20 10.3-47 26.2-51 46.2-3.3 15.8 26 55.2 76.1-31.2 22.4-7.4 46.8-16.5 68.4-20.1 18.9 10.2 41 17 55.8 17 25.5 0 28-28.2 17.5-38.7zm-198.1 77.8c5.1-13.7 24.5-29.5 30.4-35-19 30.3-30.4 35.7-30.4 35zm81.6-190.6c7.4 0 6.7 32.1 1.8 40.8-4.4-13.9-4.3-40.8-1.8-40.8zm-24.4 136.6c9.7-16.9 18-37 24.7-54.7 8.3 15.1 18.9 27.2 30.1 35.5-20.8 4.3-38.9 13.1-54.8 19.2zm131.6-5s-5 6-37.3-7.8c35.1-2.6 40.9 5.4 37.3 7.8z\"><\/path><\/svg>\t\t\t<\/span>\n\t\t\t\t\t\t\t\t\t<span class=\"elementor-button-text\">Documentation relative aux augmentations salariales<\/span>\n\t\t\t\t\t<\/span>\n\t\t\t\t\t<\/a>\n\t\t\t\t\t\t\t\t<\/div>\n\t\t\t\t<div class=\"elementor-element elementor-element-86832b4 elementor-widget elementor-widget-text-editor\" data-id=\"86832b4\" data-element_type=\"widget\" data-e-type=\"widget\" data-widget_type=\"text-editor.default\">\n\t\t\t\t\t\t\t\t\t<div>\n<h3 data-start=\"1238\" data-end=\"1281\"><strong data-start=\"1242\" data-end=\"1281\">900 $ par nuit dans un h\u00f4tel de Dallas<\/strong><\/h3>\n<p data-start=\"1283\" data-end=\"1439\">Le ch\u00e8que, dont le lien figure ci-dessous, montre que le maire <strong data-start=\"1320\" data-end=\"1335\">Jeremy Levi<\/strong> a \u00e9t\u00e9 rembours\u00e9 <strong data-start= \u00ab 1351 \u00bb data-end=\u00ab 1364 \u00bb>3 583,98 $<\/strong> pour un s\u00e9jour de quatre nuits \u00e0 l&rsquo;h\u00f4tel Omni de Dallas, soit <strong data-start=\u00ab 1420 \u00bb data-end=\u00ab 1439 \u00bb>900 $ par nuit. <\/strong><\/p>\n<p data-start=\"1283\" data-end=\"1439\"><strong data-start=\"1420\" data-end=\"1439\">Ce seul voyage a co\u00fbt\u00e9 aux contribuables plus de 3 500 $ en h\u00e9bergement pour le maire seul, <\/strong>sans compter les deux hauts fonctionnaires qui l&rsquo;accompagnaient, les frais d&rsquo;inscription \u00e0 la conf\u00e9rence, leur h\u00e9bergement et leurs billets d&rsquo;avion. Au total, ce voyage nous a co\u00fbt\u00e9 18 713,46 $. <\/p>\n<p data-start=\"1441\" data-end=\"1622\">Sous l&rsquo;administration de Bill Steinberg, qui a dur\u00e9 16 ans, la politique du conseil municipal autorisait une conf\u00e9rence par an au Canada, avec des frais d&rsquo;h\u00f4tel typiques allant de 150 \u00e0 250 dollars par nuit.\n<\/p>\n<\/div>\n<p><\/p>\n<div><\/div>\n<p><\/p>\n<div><span style=\"color: #1e543a;\"><strong style=\"word-spacing: normal;\" data-start=\"1664\" data-end=\"1690\">Notre engagement envers vous :<\/strong><span style=\"word-spacing: normal;\"> Bill et son \u00e9quipe r\u00e9tabliront des politiques raisonnables en mati\u00e8re de d\u00e9placements et d&rsquo;h\u00e9bergement, garantissant que l&rsquo;argent des contribuables est utilis\u00e9 de mani\u00e8re responsable, sans jamais \u00eatre gaspill\u00e9. <\/span> <\/span><\/div>\n\t\t\t\t\t\t\t\t<\/div>\n\t\t\t\t<div class=\"elementor-element elementor-element-8592f84 elementor-align-center elementor-widget elementor-widget-button\" data-id=\"8592f84\" data-element_type=\"widget\" data-e-type=\"widget\" data-widget_type=\"button.default\">\n\t\t\t\t\t\t\t\t\t\t<a class=\"elementor-button elementor-button-link elementor-size-sm\" href=\"https:\/\/billsteinberg.ca\/wp-content\/uploads\/2025\/10\/Proof-J.-Levi-reimbursed-900-per-night.pdf\" target=\"_blank\">\n\t\t\t\t\t\t<span class=\"elementor-button-content-wrapper\">\n\t\t\t\t\t\t<span class=\"elementor-button-icon\">\n\t\t\t\t<svg aria-hidden=\"true\" class=\"e-font-icon-svg e-far-file-pdf\" viewBox=\"0 0 384 512\" xmlns=\"http:\/\/www.w3.org\/2000\/svg\"><path d=\"M369.9 97.9L286 14C277 5 264.8-.1 252.1-.1H48C21.5 0 0 21.5 0 48v416c0 26.5 21.5 48 48 48h288c26.5 0 48-21.5 48-48V131.9c0-12.7-5.1-25-14.1-34zM332.1 128H256V51.9l76.1 76.1zM48 464V48h160v104c0 13.3 10.7 24 24 24h104v288H48zm250.2-143.7c-12.2-12-47-8.7-64.4-6.5-17.2-10.5-28.7-25-36.8-46.3 3.9-16.1 10.1-40.6 5.4-56-4.2-26.2-37.8-23.6-42.6-5.9-4.4 16.1-.4 38.5 7 67.1-10 23.9-24.9 56-35.4 74.4-20 10.3-47 26.2-51 46.2-3.3 15.8 26 55.2 76.1-31.2 22.4-7.4 46.8-16.5 68.4-20.1 18.9 10.2 41 17 55.8 17 25.5 0 28-28.2 17.5-38.7zm-198.1 77.8c5.1-13.7 24.5-29.5 30.4-35-19 30.3-30.4 35.7-30.4 35zm81.6-190.6c7.4 0 6.7 32.1 1.8 40.8-4.4-13.9-4.3-40.8-1.8-40.8zm-24.4 136.6c9.7-16.9 18-37 24.7-54.7 8.3 15.1 18.9 27.2 30.1 35.5-20.8 4.3-38.9 13.1-54.8 19.2zm131.6-5s-5 6-37.3-7.8c35.1-2.6 40.9 5.4 37.3 7.8z\"><\/path><\/svg>\t\t\t<\/span>\n\t\t\t\t\t\t\t\t\t<span class=\"elementor-button-text\">Documentation sur les remboursements d'h\u00f4tel<\/span>\n\t\t\t\t\t<\/span>\n\t\t\t\t\t<\/a>\n\t\t\t\t\t\t\t\t<\/div>\n\t\t\t\t<div class=\"elementor-element elementor-element-6620f11 elementor-widget elementor-widget-text-editor\" data-id=\"6620f11\" data-element_type=\"widget\" data-e-type=\"widget\" data-widget_type=\"text-editor.default\">\n\t\t\t\t\t\t\t\t\t<td data-start=\"2489\" data-end=\"2504\" data-col-size=\"sm\"><a href=\"https:\/\/www.hampstead.qc.ca\/wp-content\/uploads\/2022\/12\/07-RCMJULY052023EN.pdf\" target=\"_blank\" rel=\"nofollow noopener\">5 juillet 2023<\/a><\/td><br><td data-col-size=\"sm\" data-start=\"2504\" data-end=\"2528\">Sommet sur la mobilit\u00e9 intelligente<\/td><br><td data-col-size=\"sm\" data-start=\"2528\" data-end=\"2547\">Tel Aviv, Isra\u00ebl<\/td><br><td data-col-size=\"sm\" data-start=\"2547\" data-end=\"2579\">Conseillers Elfassy et Farber<\/td><br><\/tr><br><tr data-start=\"2580\" data-end=\"2640\">\r\n<td data-start=\"2580\" data-end=\"2587\" data-col-size=\"sm\"><a href=\"https:\/\/www.hampstead.qc.ca\/wp-content\/uploads\/2022\/12\/07-RCMJULY052023EN.pdf \" target=\"_blank\" rel=\"nofollow noopener\">5 juillet 2023<\/a><\/td>\r\n<td data-start=\"2587\" data-end=\"2605\" data-col-size=\"sm\">Conf\u00e9rence NRPA<\/td>\r\n<td data-col-size=\"sm\" data-start=\"2605\" data-end=\"2618\">Dallas, Texas<\/td>\r\n<td data-col-size=\"sm\" data-start=\"2618\" data-end=\"2640\">Maire Levi + personnel<\/td>\r\n<\/tr><br><\/tbody><br><\/table><br><\/div><br><\/div><br><p data-start=\"2642\" data-end=\"2714\"><strong data-start=\"2642\" data-end=\"2664\">Aucune r\u00e9solution<\/strong> n&rsquo;a autoris\u00e9 la participation \u00e0 une conf\u00e9rence canadienne. <\/p><br><p data-start=\"2642\" data-end=\"2714\"><strong data-start=\"2716\" data-end=\"2828\"> <\/strong><\/p><br><p data-start=\"2716\" data-end=\"2828\"><span style=\"color: #1e543a;\" ><strong data-start=\"2716\" data-end=\"2828\">Notre engagement envers vous : <\/strong>Bill et son \u00e9quipe r\u00e9tabliront des limites strictes en mati\u00e8re de d\u00e9placements, \u00e0 savoir une conf\u00e9rence par an, uniquement au Canada, et uniquement lorsque cela profite directement \u00e0 la ville. <\/span><\/p><br><br><\/div><div><br><h3 data-start=\"1748\" data-end=\"1796\"><strong data-start=\"1752\" data-end=\"1796\">Voyages \u00e0 l&rsquo;\u00e9tranger approuv\u00e9s par le conseil municipal<\/strong><\/h3><br><p data-start=\"1798\" data-end=\"2013\">R\u00e9solutions officielles du conseil, accessibles au public sur le site Web de la ville de Hampstead sous <em data-start=\"1885\" data-end=\"1913\"><a href=\"https:\/\/www.hampstead. qc.ca\/en\/council-meetings\/\" target=\"_blank\" rel=\"nofollow noopener\">R\u00e9unions du conseil \u2192 Chronique des proc\u00e8s-verbaux<\/a>, <\/em>confirment qu&rsquo;<strong data-start=\"1927\" data-end=\"1938\">aucune<\/strong> des conf\u00e9rences autoris\u00e9es par le conseil actuel n&rsquo;a eu lieu au Canada. Pour plus de commodit\u00e9, j&rsquo;ai associ\u00e9 chaque date ci-dessous au proc\u00e8s-verbal correspondant. <\/p><br><br><br><div><br><div tabindex=\"-1\"><br><table data-start=\"2015\" data-end=\"2640\"><br><thead data-start=\"2015\" data-end=\"2059\">\r\n<tr data-start=\"2015\" data-end=\"2059\">\r\n<th data-start=\"2015\" data-end=\"2022\" data-col-size=\"sm\">Date<\/th>\r\n<th data-start=\"2022\" data-end=\"2035\" data-col-size=\"sm\">Conf\u00e9rence<\/th>\r\n<th data-start=\"2035\" data-end=\"2046\" data-col-size=\"sm\">Lieu<\/th>\r\n<th data-start=\"2046\" data-end=\"2059\" data-col-size=\"sm\">Participants<\/th>\r\n<\/tr>\r\n<\/thead><br><tbody data-start=\"2107\" data-end=\"2640\"><br><tr data-start=\"2107\" data-end=\"2178\">\r\n<td data-start=\"2107\" data-end=\"2122\" data-col-size=\"sm\"><a href=\"https:\/\/www.hampstead.qc.ca\/wp-content\/uploads\/2022\/05\/06-RCMJUIN82022EN-1.pdf\" target=\"_blank\" rel=\"nofollow noopener\">8 juin 2022<\/a><\/td>\r\n<td data-start=\"2122\" data-end=\"2140\" data-col-size=\"sm\">Conf\u00e9rence APWA<\/td>\r\n<td data-col-size=\"sm\" data-start=\"2140\" data-end=\"2156\">Charlotte, Caroline du Nord<\/td>\r\n<td data-col-size=\"sm\" data-start=\"2156\" data-end=\"2178\">Maire Levi + personnel<\/td>\r\n<\/tr><br><tr data-start=\"2179\" data-end=\"2262\">\r\n<td data-start=\"2179\" data-end=\"2195\" data-col-size=\"sm\"><a href=\"https:\/\/www.hampstead.qc.ca\/wp-content\/uploads\/2022\/10\/09-RCMSEP062022EN.pdf\" target=\"_blank\" rel=\"nofollow noopener\">6 septembre 2022<\/a><\/td>\r\n<td data-col-size=\"sm\" data-start=\"2195\" data-end=\"2213\">Smart City Expo<\/td>\r\n<td data-col-size=\"sm\" data-start=\"2213\" data-end=\"2232\">Barcelone, Espagne<\/td>\r\n<td data-col-size=\"sm\" data-start=\"2232\" data-end=\"2262\">Conseiller Goldwax + personnel<\/td>\r\n<\/tr><br><tr data-start=\"2263\" data-end=\"2331\">\r\n<td data-start=\"2263\" data-end=\"2278\" data-col-size=\"sm\"><a href=\"https:\/\/www.hampstead.qc.ca\/wp-content\/uploads\/2022\/10\/10-RCMOCT062022EN.pdf\" target=\"_blank\" rel=\"nofollow noopener\">6 octobre 2022<\/a><\/td>\r\n<td data-col-size=\"sm\" data-start=\"2278\" data-end=\"2290\">Muni Expo<\/td>\r\n<td data-col-size=\"sm\" data-start=\"2290\" data-end=\"2309\">Tel Aviv, Isra\u00ebl<\/td>\r\n<td data-col-size=\"sm\" data-start=\"2309\" data-end=\"2331\">Conseiller Elfassy<\/td>\r\n<\/tr><br><tr data-start=\"2332\" data-end=\"2405\">\r\n<td data-start=\"2332\" data-end=\"2347\" data-col-size=\"sm\"><a href=\"https:\/\/www.hampstead.qc.ca\/wp-content\/uploads\/2023\/04\/03-RCMMAR082023EN.pdf\" target=\"_blank\" rel=\"nofollow noopener\">8 mars 2023<\/a><\/td>\r\n<td data-col-size=\"sm\" data-start=\"2347\" data-end=\"2365\">Conf\u00e9rence GFOA<\/td>\r\n<td data-col-size=\"sm\" data-start=\"2365\" data-end=\"2380\">Portland, Oregon<\/td>\r\n<td data-col-size=\"sm\" data-start=\"2380\" data-end=\"2405\">Conseiller Jack Edery<\/td>\r\n<\/tr><br><tr data-start=\"2406\" data-end=\"2488\">\r\n<td data-start=\"2406\" data-end=\"2421\" data-col-size=\"sm\"><a href=\"https:\/\/www.hampstead.qc.ca\/wp-content\/uploads\/2022\/12\/06-RCMJUIN052023FR.pdf \" target=\"_blank\" rel=\"nofollow noopener\">5 juin 2023<\/a><\/td>\r\n<td data-col-size=\"sm\" data-start=\"2421\" data-end=\"2439\">Smart City Expo<\/td>\r\n<td data-col-size=\"sm\" data-start=\"2439\" data-end=\"2458\">Barcelone, Espagne<\/td>\r\n<td data-col-size=\"sm\" data-start=\"2458\" data-end=\"2488\">Conseiller Goldwax + personnel<\/td>\r\n<\/tr><br><tr data-start=\"2489\" data-end=\"2579\"><br>\t\t\t\t\t\t\t\t<\/div>\n\t\t\t\t<div class=\"elementor-element elementor-element-d34a615 elementor-widget elementor-widget-text-editor\" data-id=\"d34a615\" data-element_type=\"widget\" data-e-type=\"widget\" data-widget_type=\"text-editor.default\">\n\t\t\t\t\t\t\t\t\t<div>\n<h3 data-start=\"2716\" data-end=\"2828\"><strong data-start=\"2839\" data-end=\"2893\">Remboursements Internet pendant les croisi\u00e8res personnelles<\/strong><\/h3>\n<\/div>\n<p><\/p>\n<div>\n<p data-start=\"2895\" data-end=\"3013\">Les registres des d\u00e9penses montrent que le conseiller Michael Goldwax a re\u00e7u un remboursement pour son utilisation d&rsquo;Internet lors de <strong data-start=\"2979\" data-end=\"3012\">deux croisi\u00e8res de vacances en Europe<\/strong> :<\/p>\n<ul data-start=\"3015\" data-end=\"3131\">\n<li data-start=\"3015\" data-end=\"3066\">\n<p data-start=\"3017\" data-end=\"3066\"><strong data-start=\"3017\" data-end=\"3030\">1 033,08 $<\/strong> pour l&rsquo;acc\u00e8s \u00e0 Internet lors d&rsquo;une croisi\u00e8re<\/p>\n<\/li>\n<li data-start=\"3067\" data-end=\"3131\">\n<p data-start=\"3069\" data-end=\"3131\"><strong data-start=\"3069\" data-end=\"3080\">644,39 $<\/strong> pour l&rsquo;acc\u00e8s Internet lors d&rsquo;une autre croisi\u00e8re<br data-start=\"3104\" data-end=\"3107\" \/ ><strong data-start=\"3107\" data-end=\"3117\">Total :<\/strong> <strong data-start=\"3118\" data-end=\"3131\">1 677,47 $<\/strong><\/p>\n<\/li>\n<\/ul>\n<p data-start=\"3133\" data-end=\"3201\">Ces deux d\u00e9penses ont \u00e9t\u00e9 approuv\u00e9es et rembours\u00e9es par la ville de Hampstead. <strong><span style=\"word-spacing: normal;\">Toutes les r\u00e9solutions relatives aux conf\u00e9rences et aux remboursements de frais ont \u00e9t\u00e9 <\/span>adopt\u00e9es \u00e0 l&rsquo;unanimit\u00e9<span style=\"word-spacing: normal;\"> par le conseil municipal actuel.<\/span><\/strong><\/p>\n<p data-start=\"3203\" data-end=\"3320\"><span style=\"color: #1e543a;\"><strong data-start=\"3466\" data-end=\"3492\">Notre engagement envers vous :<\/strong> Bill et son \u00e9quipe appliqueront des politiques strictes en mati\u00e8re de d\u00e9penses afin de garantir que les fonds publics soient utilis\u00e9s uniquement \u00e0 des fins municipales l\u00e9gitimes et jamais \u00e0 des fins personnelles. <\/span><\/p>\n<\/div>\n\t\t\t\t\t\t\t\t<\/div>\n\t\t\t\t<div class=\"elementor-element elementor-element-b59b70d elementor-align-center elementor-widget elementor-widget-button\" data-id=\"b59b70d\" data-element_type=\"widget\" data-e-type=\"widget\" data-widget_type=\"button.default\">\n\t\t\t\t\t\t\t\t\t\t<a class=\"elementor-button elementor-button-link elementor-size-sm\" href=\"https:\/\/billsteinberg.ca\/wp-content\/uploads\/2025\/10\/Proof-of-Goldwax-reimbursement-of-internet-onn-vacation-cruises.pdf\" target=\"_blank\">\n\t\t\t\t\t\t<span class=\"elementor-button-content-wrapper\">\n\t\t\t\t\t\t<span class=\"elementor-button-icon\">\n\t\t\t\t<svg aria-hidden=\"true\" class=\"e-font-icon-svg e-far-file-pdf\" viewBox=\"0 0 384 512\" xmlns=\"http:\/\/www.w3.org\/2000\/svg\"><path d=\"M369.9 97.9L286 14C277 5 264.8-.1 252.1-.1H48C21.5 0 0 21.5 0 48v416c0 26.5 21.5 48 48 48h288c26.5 0 48-21.5 48-48V131.9c0-12.7-5.1-25-14.1-34zM332.1 128H256V51.9l76.1 76.1zM48 464V48h160v104c0 13.3 10.7 24 24 24h104v288H48zm250.2-143.7c-12.2-12-47-8.7-64.4-6.5-17.2-10.5-28.7-25-36.8-46.3 3.9-16.1 10.1-40.6 5.4-56-4.2-26.2-37.8-23.6-42.6-5.9-4.4 16.1-.4 38.5 7 67.1-10 23.9-24.9 56-35.4 74.4-20 10.3-47 26.2-51 46.2-3.3 15.8 26 55.2 76.1-31.2 22.4-7.4 46.8-16.5 68.4-20.1 18.9 10.2 41 17 55.8 17 25.5 0 28-28.2 17.5-38.7zm-198.1 77.8c5.1-13.7 24.5-29.5 30.4-35-19 30.3-30.4 35.7-30.4 35zm81.6-190.6c7.4 0 6.7 32.1 1.8 40.8-4.4-13.9-4.3-40.8-1.8-40.8zm-24.4 136.6c9.7-16.9 18-37 24.7-54.7 8.3 15.1 18.9 27.2 30.1 35.5-20.8 4.3-38.9 13.1-54.8 19.2zm131.6-5s-5 6-37.3-7.8c35.1-2.6 40.9 5.4 37.3 7.8z\"><\/path><\/svg>\t\t\t<\/span>\n\t\t\t\t\t\t\t\t\t<span class=\"elementor-button-text\">Documentation relative aux remboursements de croisi\u00e8res personnelles<\/span>\n\t\t\t\t\t<\/span>\n\t\t\t\t\t<\/a>\n\t\t\t\t\t\t\t\t<\/div>\n\t\t\t\t<div class=\"elementor-element elementor-element-18a3103 elementor-widget elementor-widget-text-editor\" data-id=\"18a3103\" data-element_type=\"widget\" data-e-type=\"widget\" data-widget_type=\"text-editor.default\">\n\t\t\t\t\t\t\t\t\t<h3 data-start=\"3327\" data-end=\"3371\"><strong data-start=\"3331\" data-end=\"3371\">Un engagement en faveur d&rsquo;une surveillance \u00e9thique<\/strong><\/h3>\n<p><\/p>\n<p data-start=\"3373\" data-end=\"3661\"><strong>Les d\u00e9penses incontr\u00f4l\u00e9es \u00e0 vos frais doivent cesser.<\/strong> Cette \u00e9lection donne aux r\u00e9sidents l&rsquo;occasion de r\u00e9tablir les normes \u00e9thiques qui ont autrefois fait de Hampstead un mod\u00e8le de bonne gouvernance. <\/p>\n<p><\/p>\n<p data-start=\"3373\" data-end=\"3661\">Bill Steinberg et son \u00e9quipe, <a href=\"https:\/\/billsteinberg.ca\/fr\/equipe-imagine-hampstead\/\">Imagine Hampstead<\/a>, mettront en \u0153uvre des <strong data-start=\"3416\" data-end=\"3449\">directives claires et applicables<\/strong> r\u00e9gissant toutes les d\u00e9penses du conseil : d\u00e9placements, repas, h\u00e9bergement et remboursements. Ils veilleront \u00e0 ce que chaque dollar d\u00e9pens\u00e9 par le conseil municipal soit justifi\u00e9, transparent et dans l&rsquo;int\u00e9r\u00eat public. <\/p>\n<p>Ensemble, nous pouvons revenir \u00e0 une administration qui agit avec int\u00e9grit\u00e9.<\/p>\n\t\t\t\t\t\t\t\t<\/div>\n\t\t\t\t\t<\/div>\n\t\t\t\t<\/div>\n\t\t<div class=\"elementor-element elementor-element-86e0b74 e-flex e-con-boxed e-con e-parent\" data-id=\"86e0b74\" data-element_type=\"container\" data-e-type=\"container\" data-settings=\"{&quot;background_background&quot;:&quot;classic&quot;}\">\n\t\t\t\t\t<div class=\"e-con-inner\">\n\t\t\t\t<div class=\"elementor-element elementor-element-f67ab40 elementor-widget elementor-widget-heading\" data-id=\"f67ab40\" data-element_type=\"widget\" data-e-type=\"widget\" data-widget_type=\"heading.default\">\n\t\t\t\t\t<span class=\"elementor-heading-title elementor-size-default\">Votez pour Bill Steinberg et son \u00e9quipe le 2 novembre afin de ramener l'honn\u00eatet\u00e9, la responsabilit\u00e9 et l'int\u00e9grit\u00e9 \u00e0 Hampstead.<\/span>\t\t\t\t<\/div>\n\t\t\t\t\t<\/div>\n\t\t\t\t<\/div>\n\t\t\t\t<\/div>\n\t\t","protected":false},"excerpt":{"rendered":"<p>Dans mon article, \u00ab L&rsquo;utilisation scandaleuse de vos imp\u00f4ts par le conseil municipal de Hampstead \u00bb, j&rsquo;ai soulign\u00e9 de graves pr\u00e9occupations concernant les pratiques de d\u00e9penses et la conduite contraire \u00e0 l&rsquo;\u00e9thique du maire Jeremy Levi et de l&rsquo;actuel conseil municipal de Hampstead. Ces pr\u00e9occupations s&rsquo;appuyaient sur de nombreux documents obtenus \u00e0 partir de registres&hellip;<\/p>\n","protected":false},"author":3,"featured_media":5488,"parent":0,"menu_order":0,"comment_status":"closed","ping_status":"closed","template":"","meta":{"footnotes":""},"class_list":["post-5489","page","type-page","status-publish","has-post-thumbnail","hentry"],"_links":{"self":[{"href":"https:\/\/billsteinberg.ca\/fr\/wp-json\/wp\/v2\/pages\/5489","targetHints":{"allow":["GET"]}}],"collection":[{"href":"https:\/\/billsteinberg.ca\/fr\/wp-json\/wp\/v2\/pages"}],"about":[{"href":"https:\/\/billsteinberg.ca\/fr\/wp-json\/wp\/v2\/types\/page"}],"author":[{"embeddable":true,"href":"https:\/\/billsteinberg.ca\/fr\/wp-json\/wp\/v2\/users\/3"}],"replies":[{"embeddable":true,"href":"https:\/\/billsteinberg.ca\/fr\/wp-json\/wp\/v2\/comments?post=5489"}],"version-history":[{"count":1,"href":"https:\/\/billsteinberg.ca\/fr\/wp-json\/wp\/v2\/pages\/5489\/revisions"}],"predecessor-version":[{"id":5490,"href":"https:\/\/billsteinberg.ca\/fr\/wp-json\/wp\/v2\/pages\/5489\/revisions\/5490"}],"wp:featuredmedia":[{"embeddable":true,"href":"https:\/\/billsteinberg.ca\/fr\/wp-json\/wp\/v2\/media\/5488"}],"wp:attachment":[{"href":"https:\/\/billsteinberg.ca\/fr\/wp-json\/wp\/v2\/media?parent=5489"}],"curies":[{"name":"wp","href":"https:\/\/api.w.org\/{rel}","templated":true}]}}