{"id":604,"date":"2021-05-22T21:10:31","date_gmt":"2021-05-22T21:10:31","guid":{"rendered":"https:\/\/billsteinberg.ca\/?page_id=604"},"modified":"2025-10-06T08:11:23","modified_gmt":"2025-10-06T12:11:23","slug":"un-maire-ethique","status":"publish","type":"page","link":"https:\/\/billsteinberg.ca\/fr\/un-bilan-exceptionnel\/un-maire-ethique\/","title":{"rendered":"Maire \u00e9thique"},"content":{"rendered":"\t\t<div data-elementor-type=\"wp-page\" data-elementor-id=\"604\" class=\"elementor elementor-604 elementor-192\" data-elementor-post-type=\"page\">\n\t\t\t\t<div class=\"elementor-element elementor-element-5698297 e-flex e-con-boxed e-con e-parent\" data-id=\"5698297\" data-element_type=\"container\" data-e-type=\"container\">\n\t\t\t\t\t<div class=\"e-con-inner\">\n\t\t\t\t<div class=\"elementor-element elementor-element-751d561 elementor-widget elementor-widget-text-editor\" data-id=\"751d561\" data-element_type=\"widget\" data-e-type=\"widget\" data-widget_type=\"text-editor.default\">\n\t\t\t\t\t\t\t\t\t<p><strong>Hampstead est devenue l\u2019une des premi\u00e8res municipalit\u00e9s du Qu\u00e9bec \u00e0 adopter un\u00a0<a href=\"https:\/\/billsteinberg.ca\/wp-content\/uploads\/2021\/10\/By-Law_1017_-_FR.pdf\">code d\u2019\u00e9thique<\/a>\u00a0<\/strong>pour les membres du conseil. Par la suite, le gouvernement du Qu\u00e9bec a adopt\u00e9 le projet de loi 109, qui oblige toutes les municipalit\u00e9s de la province \u00e0 adopter un tel code.<\/p>\n\t\t\t\t\t\t\t\t<\/div>\n\t\t\t\t\t<\/div>\n\t\t\t\t<\/div>\n\t\t<div class=\"elementor-element elementor-element-370f66d e-flex e-con-boxed e-con e-parent\" data-id=\"370f66d\" data-element_type=\"container\" data-e-type=\"container\" data-settings=\"{&quot;background_background&quot;:&quot;classic&quot;}\">\n\t\t\t\t\t<div class=\"e-con-inner\">\n\t\t<div class=\"elementor-element elementor-element-0bdcd29 e-con-full e-flex e-con e-child\" data-id=\"0bdcd29\" data-element_type=\"container\" data-e-type=\"container\">\n\t\t\t\t<div class=\"elementor-element elementor-element-637a0cb elementor-widget elementor-widget-text-editor\" data-id=\"637a0cb\" data-element_type=\"widget\" data-e-type=\"widget\" data-widget_type=\"text-editor.default\">\n\t\t\t\t\t\t\t\t\t<p><strong>Bill Steinberg a r\u00e9dig\u00e9 le Code de d\u00e9ontologie de Hampstead<\/strong>\u00a0et c\u2019est probablement le\u00a0<strong>code de d\u00e9ontologie<\/strong>\u00a0le plus rigoureux de la province. Le code de Hampstead va bien au-del\u00e0 des exigences minimales du projet de loi 109.<\/p>\n<p>Le code comprend des interdictions d\u2019embauche de membres de la famille imm\u00e9diate par la Ville. Il ne permet pas non plus aux membres du conseil d\u2019avoir une relation directe de fournisseur avec la Ville. Alors que le projet de loi 109 permet des cadeaux allant jusqu\u2019\u00e0 200 $ dans certaines circonstances, le code de Hampstead limite le maximum \u00e0 40 $. Il comporte \u00e9galement des r\u00e8gles suppl\u00e9mentaires en mati\u00e8re de confidentialit\u00e9.<\/p>\n\t\t\t\t\t\t\t\t<\/div>\n\t\t\t\t<\/div>\n\t\t<div class=\"elementor-element elementor-element-9c8117e e-con-full e-flex e-con e-child\" data-id=\"9c8117e\" data-element_type=\"container\" data-e-type=\"container\">\n\t\t\t\t<div class=\"elementor-element elementor-element-fb083e0 elementor-widget elementor-widget-image\" data-id=\"fb083e0\" data-element_type=\"widget\" data-e-type=\"widget\" data-widget_type=\"image.default\">\n\t\t\t\t\t\t\t\t\t\t\t\t<figure class=\"wp-caption\">\n\t\t\t\t\t\t\t\t\t\t\t<a href=\"https:\/\/billsteinberg.ca\/wp-content\/uploads\/2021\/10\/By-Law_1017_-_FR.pdf\" target=\"_blank\" rel=\"nofollow\">\n\t\t\t\t\t\t\t<img fetchpriority=\"high\" decoding=\"async\" width=\"500\" height=\"500\" src=\"https:\/\/billsteinberg.ca\/wp-content\/uploads\/2013\/06\/code-of-ethics.jpg\" class=\"attachment-large size-large wp-image-2642\" alt=\"Code d&#039;\u00e9thique\" srcset=\"https:\/\/billsteinberg.ca\/wp-content\/uploads\/2013\/06\/code-of-ethics.jpg 500w, https:\/\/billsteinberg.ca\/wp-content\/uploads\/2013\/06\/code-of-ethics-150x150.jpg 150w, https:\/\/billsteinberg.ca\/wp-content\/uploads\/2013\/06\/code-of-ethics-300x300.jpg 300w, https:\/\/billsteinberg.ca\/wp-content\/uploads\/2013\/06\/code-of-ethics-125x125.jpg 125w\" sizes=\"(max-width: 500px) 100vw, 500px\" \/>\t\t\t\t\t\t\t\t<\/a>\n\t\t\t\t\t\t\t\t\t\t\t<figcaption class=\"widget-image-caption wp-caption-text\"><a href=\"https:\/\/billsteinberg.ca\/wp-content\/uploads\/2021\/10\/By-Law_1017_-_FR.pdf\" style=\"color:#fff\">T\u00e9l\u00e9charger le Code d'\u00e9thique des \u00e9lus de Hampstead <i aria-hidden=\"true\" class=\"fas fa-external-link-alt\"><\/i><\/a><\/figcaption>\n\t\t\t\t\t\t\t\t\t\t<\/figure>\n\t\t\t\t\t\t\t\t\t<\/div>\n\t\t\t\t<\/div>\n\t\t\t\t\t<\/div>\n\t\t\t\t<\/div>\n\t\t<div class=\"elementor-element elementor-element-738cbc2 e-flex e-con-boxed e-con e-parent\" data-id=\"738cbc2\" data-element_type=\"container\" data-e-type=\"container\">\n\t\t\t\t\t<div class=\"e-con-inner\">\n\t\t<div class=\"elementor-element elementor-element-c3cd329 e-con-full e-flex e-con e-child\" data-id=\"c3cd329\" data-element_type=\"container\" data-e-type=\"container\" data-settings=\"{&quot;background_background&quot;:&quot;classic&quot;}\">\n\t\t\t\t<\/div>\n\t\t<div class=\"elementor-element elementor-element-7376c98 e-con-full e-flex e-con e-child\" data-id=\"7376c98\" data-element_type=\"container\" data-e-type=\"container\">\n\t\t\t\t<div class=\"elementor-element elementor-element-5e9445d elementor-widget elementor-widget-text-editor\" data-id=\"5e9445d\" data-element_type=\"widget\" data-e-type=\"widget\" data-widget_type=\"text-editor.default\">\n\t\t\t\t\t\t\t\t\t<ul>\n<li><strong>Bill va au-del\u00e0 des exigences du code en refusant tous les cadeaux, peu importe leur valeur.<\/strong><\/li>\n<li>Le maire ne re\u00e7oit absolument<strong>\u00a0aucun traitement pr\u00e9f\u00e9rentiel<\/strong>, par exemple, pas de d\u00e9neigement prioritaire sur sa rue, le pavage est fait par n\u00e9cessit\u00e9, etc.<\/li>\n<li>Gr\u00e2ce \u00e0 la lutte de Bill pour se d\u00e9faire de Montr\u00e9al, Hampstead n\u2019a PAS \u00e9t\u00e9 soumis aux scandales de corruption de Montr\u00e9al et de Laval.<\/li>\n<li>Il a mis en place plusieurs couches de supervision et de<strong>surveillance pour s\u2019assurer que la Ville ne se fasse pas flouer<\/strong>\u00a0par les entrepreneurs.<\/li>\n<li><strong>Il a prouv\u00e9 qu\u2019il tient ses\u00a0<a title=\"Promises Made Promises Kept\" href=\"https:\/\/billsteinberg.ca\/fr\/parole-tenue\/\">promesses \u00e9lectorales<\/a>.<\/strong><\/li>\n<li><strong>Bill ne prendra pas plus de 200 $ en contributions de campagne ; et ne l\u2019a pas fait m\u00eame lorsque la limite l\u00e9gale \u00e9tait de 1000 $.<\/strong><\/li>\n<li><\/li>\n<\/ul>\n\t\t\t\t\t\t\t\t<\/div>\n\t\t\t\t<\/div>\n\t\t\t\t\t<\/div>\n\t\t\t\t<\/div>\n\t\t<div class=\"elementor-element elementor-element-67dc449 e-flex e-con-boxed e-con e-parent\" data-id=\"67dc449\" data-element_type=\"container\" data-e-type=\"container\" data-settings=\"{&quot;background_background&quot;:&quot;gradient&quot;}\">\n\t\t\t\t\t<div class=\"e-con-inner\">\n\t\t\t\t<div class=\"elementor-element elementor-element-1406182 elementor-widget elementor-widget-text-editor\" data-id=\"1406182\" data-element_type=\"widget\" data-e-type=\"widget\" data-widget_type=\"text-editor.default\">\n\t\t\t\t\t\t\t\t\t<p>Lisez ce que Bill a accompli d\u2019autre dans son\u00a0<a title=\"An Exceptional Track Record\" href=\"https:\/\/billsteinberg.ca\/fr\/un-bilan-exceptionnel\/\">bilan.<\/a><\/p>\n\t\t\t\t\t\t\t\t<\/div>\n\t\t\t\t\t<\/div>\n\t\t\t\t<\/div>\n\t\t\t\t<\/div>\n\t\t","protected":false},"excerpt":{"rendered":"<p>Hampstead est devenue l\u2019une des premi\u00e8res municipalit\u00e9s du Qu\u00e9bec \u00e0 adopter un\u00a0code d\u2019\u00e9thique\u00a0pour les membres du conseil. Par la suite, le gouvernement du Qu\u00e9bec a adopt\u00e9 le projet de loi 109, qui oblige toutes les municipalit\u00e9s de la province \u00e0 adopter un tel code. Bill Steinberg a r\u00e9dig\u00e9 le Code de d\u00e9ontologie de Hampstead\u00a0et c\u2019est&hellip;<\/p>\n","protected":false},"author":2,"featured_media":605,"parent":242,"menu_order":0,"comment_status":"closed","ping_status":"closed","template":"","meta":{"footnotes":""},"class_list":["post-604","page","type-page","status-publish","has-post-thumbnail","hentry"],"_links":{"self":[{"href":"https:\/\/billsteinberg.ca\/fr\/wp-json\/wp\/v2\/pages\/604","targetHints":{"allow":["GET"]}}],"collection":[{"href":"https:\/\/billsteinberg.ca\/fr\/wp-json\/wp\/v2\/pages"}],"about":[{"href":"https:\/\/billsteinberg.ca\/fr\/wp-json\/wp\/v2\/types\/page"}],"author":[{"embeddable":true,"href":"https:\/\/billsteinberg.ca\/fr\/wp-json\/wp\/v2\/users\/2"}],"replies":[{"embeddable":true,"href":"https:\/\/billsteinberg.ca\/fr\/wp-json\/wp\/v2\/comments?post=604"}],"version-history":[{"count":2,"href":"https:\/\/billsteinberg.ca\/fr\/wp-json\/wp\/v2\/pages\/604\/revisions"}],"predecessor-version":[{"id":5275,"href":"https:\/\/billsteinberg.ca\/fr\/wp-json\/wp\/v2\/pages\/604\/revisions\/5275"}],"up":[{"embeddable":true,"href":"https:\/\/billsteinberg.ca\/fr\/wp-json\/wp\/v2\/pages\/242"}],"wp:featuredmedia":[{"embeddable":true,"href":"https:\/\/billsteinberg.ca\/fr\/wp-json\/wp\/v2\/media\/605"}],"wp:attachment":[{"href":"https:\/\/billsteinberg.ca\/fr\/wp-json\/wp\/v2\/media?parent=604"}],"curies":[{"name":"wp","href":"https:\/\/api.w.org\/{rel}","templated":true}]}}