{"id":610,"date":"2013-06-22T23:34:23","date_gmt":"2013-06-22T23:34:23","guid":{"rendered":"https:\/\/billsteinberg.ca\/?page_id=610"},"modified":"2021-05-23T12:16:51","modified_gmt":"2021-05-23T12:16:51","slug":"rues-plus-securitaires-et-plus-de-presence-policiere","status":"publish","type":"page","link":"https:\/\/billsteinberg.ca\/fr\/un-bilan-exceptionnel\/rues-plus-securitaires-et-plus-de-presence-policiere\/","title":{"rendered":"Rues s\u00e9curitaires et pr\u00e9sence polici\u00e8re accrue"},"content":{"rendered":"\t\t<div data-elementor-type=\"wp-page\" data-elementor-id=\"610\" class=\"elementor elementor-610 elementor-140\" data-elementor-post-type=\"page\">\n\t\t\t\t\t\t<section class=\"elementor-section elementor-top-section elementor-element elementor-element-e340d64 elementor-section-boxed elementor-section-height-default elementor-section-height-default\" data-id=\"e340d64\" data-element_type=\"section\" data-e-type=\"section\">\n\t\t\t\t\t\t<div class=\"elementor-container elementor-column-gap-default\">\n\t\t\t\t\t<div class=\"elementor-column elementor-col-50 elementor-top-column elementor-element elementor-element-19da861\" data-id=\"19da861\" data-element_type=\"column\" data-e-type=\"column\">\n\t\t\t<div class=\"elementor-widget-wrap elementor-element-populated\">\n\t\t\t\t\t\t<div class=\"elementor-element elementor-element-072ffff elementor-widget elementor-widget-heading\" data-id=\"072ffff\" data-element_type=\"widget\" data-e-type=\"widget\" data-widget_type=\"heading.default\">\n\t\t\t\t\t<h2 class=\"elementor-heading-title elementor-size-default\">Mod\u00e9ration de la circulation<\/h2>\t\t\t\t<\/div>\n\t\t\t\t<div class=\"elementor-element elementor-element-0d5a262 elementor-widget elementor-widget-text-editor\" data-id=\"0d5a262\" data-element_type=\"widget\" data-e-type=\"widget\" data-widget_type=\"text-editor.default\">\n\t\t\t\t\t\t\t\t\t<ul>\n<li>Introduction de neuf nouveaux <strong>passages pour pi\u00e9tons sur\u00e9lev\u00e9s<\/strong>.<\/li>\n<li>Le nouveau <strong>passage pour pi\u00e9tons sur Fleet<\/strong>, \u00e9quip\u00e9 de feux clignotants, a rendu la travers\u00e9e entre Minden et Queen Mary plus s\u00fbre.<\/li>\n<li>Installation de pr\u00e8s de deux douzaines de nouveaux ralentisseurs \u00e0 profil bas.<\/li>\n<li>R\u00e9am\u00e9nagement du Finchley Circle pour rendre l&rsquo;intersection plus s\u00fbre et <a href=\"https:\/\/billsteinberg.ca\/un-bilan-exceptionnel\/lembellissement-et-lenvironnement\/?lang=fr\">plus attrayante<\/a>.<\/li>\n<li>L&rsquo;interdiction de tourner \u00e0 gauche \u00e0 Queen Mary et Ellerdale, aux heures de pointe de l&rsquo;apr\u00e8s-midi, a permis de <strong>r\u00e9duire le trafic de 300 voitures par jour<\/strong>.<\/li>\n<li>La nouvelle <strong>voie de virage \u00e0 droite<\/strong> \u00e0 Queen Mary et Fleet a facilit\u00e9 la circulation.<\/li>\n<li>Les modifications apport\u00e9es \u00e0 Fleet aux heures de pointe du matin ont <strong>consid\u00e9rablement r\u00e9duit la circulation<\/strong> dans Hampstead au nord de Fleet et la charge a \u00e9t\u00e9 r\u00e9partie \u00e9quitablement.<\/li>\n<\/ul>\n\t\t\t\t\t\t\t\t<\/div>\n\t\t\t\t\t<\/div>\n\t\t<\/div>\n\t\t\t\t<div class=\"elementor-column elementor-col-50 elementor-top-column elementor-element elementor-element-85ed631\" data-id=\"85ed631\" data-element_type=\"column\" data-e-type=\"column\" data-settings=\"{&quot;background_background&quot;:&quot;classic&quot;}\">\n\t\t\t<div class=\"elementor-widget-wrap\">\n\t\t\t\t\t\t\t<\/div>\n\t\t<\/div>\n\t\t\t\t\t<\/div>\n\t\t<\/section>\n\t\t\t\t<section class=\"elementor-section elementor-top-section elementor-element elementor-element-c97743a elementor-section-boxed elementor-section-height-default elementor-section-height-default\" data-id=\"c97743a\" data-element_type=\"section\" data-e-type=\"section\">\n\t\t\t\t\t\t<div class=\"elementor-container elementor-column-gap-default\">\n\t\t\t\t\t<div class=\"elementor-column elementor-col-50 elementor-top-column elementor-element elementor-element-8c8739b\" data-id=\"8c8739b\" data-element_type=\"column\" data-e-type=\"column\">\n\t\t\t<div class=\"elementor-widget-wrap elementor-element-populated\">\n\t\t\t\t\t\t<div class=\"elementor-element elementor-element-8f8222e elementor-widget elementor-widget-heading\" data-id=\"8f8222e\" data-element_type=\"widget\" data-e-type=\"widget\" data-widget_type=\"heading.default\">\n\t\t\t\t\t<h2 class=\"elementor-heading-title elementor-size-default\">Pr\u00e9sence polici\u00e8re<\/h2>\t\t\t\t<\/div>\n\t\t\t\t<div class=\"elementor-element elementor-element-99580d2 elementor-widget elementor-widget-image\" data-id=\"99580d2\" data-element_type=\"widget\" data-e-type=\"widget\" data-widget_type=\"image.default\">\n\t\t\t\t\t\t\t\t\t\t\t\t<figure class=\"wp-caption\">\n\t\t\t\t\t\t\t\t\t\t<img fetchpriority=\"high\" decoding=\"async\" width=\"1709\" height=\"2560\" src=\"https:\/\/billsteinberg.ca\/wp-content\/uploads\/2021\/04\/Hampstead-day_1090-scaled.jpg\" class=\"attachment-full size-full wp-image-2731\" alt=\"Un policier du SPVM donne un coup de pouce \u00e0 Hampstead Park\" srcset=\"https:\/\/billsteinberg.ca\/wp-content\/uploads\/2021\/04\/Hampstead-day_1090-scaled.jpg 1709w, https:\/\/billsteinberg.ca\/wp-content\/uploads\/2021\/04\/Hampstead-day_1090-200x300.jpg 200w, https:\/\/billsteinberg.ca\/wp-content\/uploads\/2021\/04\/Hampstead-day_1090-684x1024.jpg 684w, https:\/\/billsteinberg.ca\/wp-content\/uploads\/2021\/04\/Hampstead-day_1090-768x1150.jpg 768w, https:\/\/billsteinberg.ca\/wp-content\/uploads\/2021\/04\/Hampstead-day_1090-1025x1536.jpg 1025w, https:\/\/billsteinberg.ca\/wp-content\/uploads\/2021\/04\/Hampstead-day_1090-1367x2048.jpg 1367w\" sizes=\"(max-width: 1709px) 100vw, 1709px\" \/>\t\t\t\t\t\t\t\t\t\t\t<figcaption class=\"widget-image-caption wp-caption-text\">Un policier du SPVM donne un coup de pouce \u00e0 Hampstead Park<\/figcaption>\n\t\t\t\t\t\t\t\t\t\t<\/figure>\n\t\t\t\t\t\t\t\t\t<\/div>\n\t\t\t\t\t<\/div>\n\t\t<\/div>\n\t\t\t\t<div class=\"elementor-column elementor-col-50 elementor-top-column elementor-element elementor-element-e7c8e14\" data-id=\"e7c8e14\" data-element_type=\"column\" data-e-type=\"column\">\n\t\t\t<div class=\"elementor-widget-wrap elementor-element-populated\">\n\t\t\t\t\t\t<div class=\"elementor-element elementor-element-9fb350d elementor-widget elementor-widget-text-editor\" data-id=\"9fb350d\" data-element_type=\"widget\" data-e-type=\"widget\" data-widget_type=\"text-editor.default\">\n\t\t\t\t\t\t\t\t\t<ul>\n<li><strong>Sauv\u00e9 notre poste de police de quartier 9<\/strong>, qui \u00e9tait destin\u00e9 \u00e0 fermer, assurant ainsi une meilleure protection \u00e0 nos r\u00e9sidents.<\/li>\n<li><strong>Obtenu une plus grande pr\u00e9sence polici\u00e8re \u00e0 Hampstead<\/strong> &#8211; Bill \u00e9tait le vice-pr\u00e9sident de la Commission permanente de s\u00e9curit\u00e9 publique de l&rsquo;agglom\u00e9ration.<\/li>\n<li>La criminalit\u00e9 a diminu\u00e9 \u00e0 Hampstead depuis que j&rsquo;ai \u00e9t\u00e9 \u00e9lu pour la premi\u00e8re fois.<\/li>\n<\/ul>\n\t\t\t\t\t\t\t\t<\/div>\n\t\t\t\t<div class=\"elementor-element elementor-element-2455e15 elementor-widget elementor-widget-image\" data-id=\"2455e15\" data-element_type=\"widget\" data-e-type=\"widget\" data-widget_type=\"image.default\">\n\t\t\t\t\t\t\t\t\t\t\t\t\t\t\t<img decoding=\"async\" width=\"800\" height=\"1024\" src=\"https:\/\/billsteinberg.ca\/wp-content\/uploads\/2021\/04\/Hampstead-day_police-on-horseback-800x1024.jpg\" class=\"attachment-large size-large wp-image-2733\" alt=\"\" srcset=\"https:\/\/billsteinberg.ca\/wp-content\/uploads\/2021\/04\/Hampstead-day_police-on-horseback-800x1024.jpg 800w, https:\/\/billsteinberg.ca\/wp-content\/uploads\/2021\/04\/Hampstead-day_police-on-horseback-235x300.jpg 235w, https:\/\/billsteinberg.ca\/wp-content\/uploads\/2021\/04\/Hampstead-day_police-on-horseback-768x983.jpg 768w, https:\/\/billsteinberg.ca\/wp-content\/uploads\/2021\/04\/Hampstead-day_police-on-horseback.jpg 1024w\" sizes=\"(max-width: 800px) 100vw, 800px\" \/>\t\t\t\t\t\t\t\t\t\t\t\t\t\t\t<\/div>\n\t\t\t\t\t<\/div>\n\t\t<\/div>\n\t\t\t\t\t<\/div>\n\t\t<\/section>\n\t\t\t\t<section class=\"elementor-section elementor-top-section elementor-element elementor-element-a802c2b elementor-section-boxed elementor-section-height-default elementor-section-height-default\" data-id=\"a802c2b\" data-element_type=\"section\" data-e-type=\"section\">\n\t\t\t\t\t\t<div class=\"elementor-container elementor-column-gap-default\">\n\t\t\t\t\t<div class=\"elementor-column elementor-col-100 elementor-top-column elementor-element elementor-element-dbba0c4\" data-id=\"dbba0c4\" data-element_type=\"column\" data-e-type=\"column\">\n\t\t\t<div class=\"elementor-widget-wrap elementor-element-populated\">\n\t\t\t\t\t\t<div class=\"elementor-element elementor-element-dc083b5 elementor-widget elementor-widget-heading\" data-id=\"dc083b5\" data-element_type=\"widget\" data-e-type=\"widget\" data-widget_type=\"heading.default\">\n\t\t\t\t\t<h2 class=\"elementor-heading-title elementor-size-default\">S\u00e9curiser notre quartier<\/h2>\t\t\t\t<\/div>\n\t\t\t\t\t<\/div>\n\t\t<\/div>\n\t\t\t\t\t<\/div>\n\t\t<\/section>\n\t\t\t\t<section class=\"elementor-section elementor-top-section elementor-element elementor-element-31a29340 elementor-section-stretched elementor-section-boxed elementor-section-height-default elementor-section-height-default\" data-id=\"31a29340\" data-element_type=\"section\" data-e-type=\"section\" data-settings=\"{&quot;stretch_section&quot;:&quot;section-stretched&quot;}\">\n\t\t\t\t\t\t<div class=\"elementor-container elementor-column-gap-default\">\n\t\t\t\t\t<div class=\"elementor-column elementor-col-100 elementor-top-column elementor-element elementor-element-4d5e6b30\" data-id=\"4d5e6b30\" data-element_type=\"column\" data-e-type=\"column\">\n\t\t\t<div class=\"elementor-widget-wrap elementor-element-populated\">\n\t\t\t\t\t\t<div class=\"elementor-element elementor-element-9f61ee5 elementor-widget elementor-widget-text-editor\" data-id=\"9f61ee5\" data-element_type=\"widget\" data-e-type=\"widget\" data-widget_type=\"text-editor.default\">\n\t\t\t\t\t\t\t\t\t<ul>\n<li><strong>R\u00e9duction significative du vagabondage et des activit\u00e9s li\u00e9es \u00e0 la drogue<\/strong> dans nos parcs :\n<ul>\n<li>Augmentant la surveillance par la police et la s\u00e9curit\u00e9 publique.<\/li>\n<li>Ajoutant de l&rsquo;\u00e9clairage<br \/>\ncr\u00e9ant des zones d&rsquo;interdiction d&rsquo;arr\u00eat apr\u00e8s 22 heures.<\/li>\n<\/ul>\n<\/li>\n<li>Mise en \u0153uvre de nouvelles exigences en mati\u00e8re de <strong>s\u00e9curit\u00e9 des piscines,<\/strong> augmentation du nombre d&rsquo;inspections r\u00e9guli\u00e8res et ponctuelles, ajout d&rsquo;une extension \u00e0 la cl\u00f4ture autour de la piscine de Hampstead et d&rsquo;un d\u00e9tecteur de mouvement.<\/li>\n<li><strong>Achat de 4 d\u00e9fibrillateurs<\/strong> et formation de tout le personnel n\u00e9cessaire \u00e0 l&rsquo;utilisation correcte de ces appareils qui sauvent des vies.<\/li>\n<li>Introduction de <strong>la f\u00eate de la s\u00e9curit\u00e9<\/strong> qui donne aux r\u00e9sidents l&rsquo;occasion de rencontrer leurs fournisseurs de services d&rsquo;urgence et de se renseigner sur les nouvelles technologies en mati\u00e8re de protection personnelle et domestique.<\/li>\n<li><strong>Programme de formation sur la s\u00e9curit\u00e9 \u00e0 v\u00e9lo<\/strong> donn\u00e9 par le SPVM<\/li>\n<\/ul>\n\t\t\t\t\t\t\t\t<\/div>\n\t\t\t\t<div class=\"elementor-element elementor-element-e83e1fd elementor-widget elementor-widget-image\" data-id=\"e83e1fd\" data-element_type=\"widget\" data-e-type=\"widget\" data-widget_type=\"image.default\">\n\t\t\t\t\t\t\t\t\t\t\t\t\t\t\t<img decoding=\"async\" width=\"1024\" height=\"479\" src=\"https:\/\/billsteinberg.ca\/wp-content\/uploads\/2021\/04\/Hampstead-Public-Security-1024x479.jpg\" class=\"attachment-large size-large wp-image-2734\" alt=\"S\u00e9curit\u00e9 publique de Hampstead avec Maire Steinberg\" srcset=\"https:\/\/billsteinberg.ca\/wp-content\/uploads\/2021\/04\/Hampstead-Public-Security-1024x479.jpg 1024w, https:\/\/billsteinberg.ca\/wp-content\/uploads\/2021\/04\/Hampstead-Public-Security-300x140.jpg 300w, https:\/\/billsteinberg.ca\/wp-content\/uploads\/2021\/04\/Hampstead-Public-Security-768x359.jpg 768w, https:\/\/billsteinberg.ca\/wp-content\/uploads\/2021\/04\/Hampstead-Public-Security-1536x719.jpg 1536w, https:\/\/billsteinberg.ca\/wp-content\/uploads\/2021\/04\/Hampstead-Public-Security.jpg 2000w\" sizes=\"(max-width: 1024px) 100vw, 1024px\" \/>\t\t\t\t\t\t\t\t\t\t\t\t\t\t\t<\/div>\n\t\t\t\t\t<\/div>\n\t\t<\/div>\n\t\t\t\t\t<\/div>\n\t\t<\/section>\n\t\t\t\t<section class=\"elementor-section elementor-top-section elementor-element elementor-element-366bdba0 elementor-section-stretched elementor-section-boxed elementor-section-height-default elementor-section-height-default\" data-id=\"366bdba0\" data-element_type=\"section\" data-e-type=\"section\" data-settings=\"{&quot;stretch_section&quot;:&quot;section-stretched&quot;,&quot;background_background&quot;:&quot;gradient&quot;}\">\n\t\t\t\t\t\t<div class=\"elementor-container elementor-column-gap-default\">\n\t\t\t\t\t<div class=\"elementor-column elementor-col-100 elementor-top-column elementor-element elementor-element-672f9581\" data-id=\"672f9581\" data-element_type=\"column\" data-e-type=\"column\">\n\t\t\t<div class=\"elementor-widget-wrap elementor-element-populated\">\n\t\t\t\t\t\t<div class=\"elementor-element elementor-element-76b8bed0 elementor-widget elementor-widget-text-editor\" data-id=\"76b8bed0\" data-element_type=\"widget\" data-e-type=\"widget\" data-widget_type=\"text-editor.default\">\n\t\t\t\t\t\t\t\t\t<p>Lisez ce que Bill a accompli d&rsquo;autre dans <a href=\"https:\/\/billsteinberg.ca\/un-bilan-exceptionnel\/?lang=fr\">son bilan<\/a> ou lisez ce que Bill a l&rsquo;intention d&rsquo;accomplir dans sa <a href=\"https:\/\/billsteinberg.ca\/priorites-pour-les-quatre-annees-a-venir\/?lang=fr\">Vision pour une nouvelle \u00e8re.<\/a><\/p>\n\t\t\t\t\t\t\t\t<\/div>\n\t\t\t\t\t<\/div>\n\t\t<\/div>\n\t\t\t\t\t<\/div>\n\t\t<\/section>\n\t\t\t\t<\/div>\n\t\t","protected":false},"excerpt":{"rendered":"<p>Mod\u00e9ration de la circulation Introduction de neuf nouveaux passages pour pi\u00e9tons sur\u00e9lev\u00e9s. Le nouveau passage pour pi\u00e9tons sur Fleet, \u00e9quip\u00e9 de feux clignotants, a rendu la travers\u00e9e entre Minden et Queen Mary plus s\u00fbre. Installation de pr\u00e8s de deux douzaines de nouveaux ralentisseurs \u00e0 profil bas. R\u00e9am\u00e9nagement du Finchley Circle pour rendre l&rsquo;intersection plus s\u00fbre&hellip;<\/p>\n","protected":false},"author":2,"featured_media":1013,"parent":242,"menu_order":0,"comment_status":"closed","ping_status":"closed","template":"","meta":{"footnotes":""},"class_list":["post-610","page","type-page","status-publish","has-post-thumbnail","hentry"],"_links":{"self":[{"href":"https:\/\/billsteinberg.ca\/fr\/wp-json\/wp\/v2\/pages\/610","targetHints":{"allow":["GET"]}}],"collection":[{"href":"https:\/\/billsteinberg.ca\/fr\/wp-json\/wp\/v2\/pages"}],"about":[{"href":"https:\/\/billsteinberg.ca\/fr\/wp-json\/wp\/v2\/types\/page"}],"author":[{"embeddable":true,"href":"https:\/\/billsteinberg.ca\/fr\/wp-json\/wp\/v2\/users\/2"}],"replies":[{"embeddable":true,"href":"https:\/\/billsteinberg.ca\/fr\/wp-json\/wp\/v2\/comments?post=610"}],"version-history":[{"count":0,"href":"https:\/\/billsteinberg.ca\/fr\/wp-json\/wp\/v2\/pages\/610\/revisions"}],"up":[{"embeddable":true,"href":"https:\/\/billsteinberg.ca\/fr\/wp-json\/wp\/v2\/pages\/242"}],"wp:featuredmedia":[{"embeddable":true,"href":"https:\/\/billsteinberg.ca\/fr\/wp-json\/wp\/v2\/media\/1013"}],"wp:attachment":[{"href":"https:\/\/billsteinberg.ca\/fr\/wp-json\/wp\/v2\/media?parent=610"}],"curies":[{"name":"wp","href":"https:\/\/api.w.org\/{rel}","templated":true}]}}